{"id":808,"date":"2019-02-21T22:02:11","date_gmt":"2019-02-21T21:02:11","guid":{"rendered":"http:\/\/ojardindeskamis.fr\/index.php\/evenements\/"},"modified":"2025-06-03T20:07:42","modified_gmt":"2025-06-03T19:07:42","slug":"evenements","status":"publish","type":"page","link":"https:\/\/ojardindeskamis.fr\/index.php\/evenements\/","title":{"rendered":"Calendrier"},"content":{"rendered":"<div class=\"wp-block-image\">\n<figure class=\"aligncenter size-full\"><a href=\"https:\/\/ojardindeskamis.fr\/wp-content\/uploads\/2025\/06\/ApprentisSAGES-Dossier-information.pdf\" target=\"_blank\" rel=\"noreferrer noopener\"><img decoding=\"async\" width=\"650\" height=\"150\" src=\"https:\/\/ojardindeskamis.fr\/wp-content\/uploads\/2025\/06\/Bandeau-ApprentisSages.png\" alt=\"\" class=\"wp-image-1285\" srcset=\"https:\/\/ojardindeskamis.fr\/wp-content\/uploads\/2025\/06\/Bandeau-ApprentisSages.png 650w, https:\/\/ojardindeskamis.fr\/wp-content\/uploads\/2025\/06\/Bandeau-ApprentisSages-300x69.png 300w, https:\/\/ojardindeskamis.fr\/wp-content\/uploads\/2025\/06\/Bandeau-ApprentisSages-604x139.png 604w\" sizes=\"(max-width: 650px) 100vw, 650px\" \/><\/a><\/figure><\/div>\n\n<div class=\"wp-block-image\">\n<figure class=\"aligncenter size-full\"><a href=\"https:\/\/ojardindeskamis.fr\/wp-content\/uploads\/2025\/03\/Dossier-dinformation-AC2025.pdf\" target=\"_blank\" rel=\"noreferrer noopener\"><img decoding=\"async\" width=\"650\" height=\"150\" src=\"https:\/\/ojardindeskamis.fr\/wp-content\/uploads\/2025\/02\/Bandeau-AC-2025.png\" alt=\"\" class=\"wp-image-1270\" srcset=\"https:\/\/ojardindeskamis.fr\/wp-content\/uploads\/2025\/02\/Bandeau-AC-2025.png 650w, https:\/\/ojardindeskamis.fr\/wp-content\/uploads\/2025\/02\/Bandeau-AC-2025-300x69.png 300w, https:\/\/ojardindeskamis.fr\/wp-content\/uploads\/2025\/02\/Bandeau-AC-2025-604x139.png 604w\" sizes=\"(max-width: 650px) 100vw, 650px\" \/><\/a><\/figure><\/div>\n\n<div class=\"wp-block-image\">\n<figure class=\"aligncenter size-full\"><a href=\"https:\/\/ojardindeskamis.fr\/wp-content\/uploads\/2025\/05\/Week-end-Cuisine-sauvage-Dossier-information.pdf\" target=\"_blank\" rel=\"noreferrer noopener\"><img decoding=\"async\" width=\"650\" height=\"150\" src=\"https:\/\/ojardindeskamis.fr\/wp-content\/uploads\/2025\/05\/Bandeau-Stage-cuisine-sauvage-site-internet.png\" alt=\"\" class=\"wp-image-1279\" srcset=\"https:\/\/ojardindeskamis.fr\/wp-content\/uploads\/2025\/05\/Bandeau-Stage-cuisine-sauvage-site-internet.png 650w, https:\/\/ojardindeskamis.fr\/wp-content\/uploads\/2025\/05\/Bandeau-Stage-cuisine-sauvage-site-internet-300x69.png 300w, https:\/\/ojardindeskamis.fr\/wp-content\/uploads\/2025\/05\/Bandeau-Stage-cuisine-sauvage-site-internet-604x139.png 604w\" sizes=\"(max-width: 650px) 100vw, 650px\" \/><\/a><\/figure><\/div>\n\n\n<p><\/p>\n\n\n\n<a title=\"Vente de billets en ligne\" href=\"https:\/\/www.billetweb.fr\/multi_event.php?multi=4092\" class=\"shop_frame\" target=\"_blank\" data-src=\"https:\/\/www.billetweb.fr\/multi_event.php?multi=4092\" data-max-width=\"100%\" data-initial-height=\"600\" data-scrolling=\"no\" data-id=\"4092\" data-resize=\"1\" rel=\"noopener noreferrer\">Vente de billets en ligne<\/a><script type=\"text\/javascript\" src=\"https:\/\/www.billetweb.fr\/js\/export.js\"><\/script>\n","protected":false},"excerpt":{"rendered":"<p>CONTENTS<\/p>\n","protected":false},"author":1,"featured_media":0,"parent":0,"menu_order":0,"comment_status":"closed","ping_status":"open","template":"","meta":{"footnotes":""},"class_list":["post-808","page","type-page","status-publish","hentry"],"yoast_head":"<!-- This site is optimized with the Yoast SEO plugin v24.4 - https:\/\/yoast.com\/wordpress\/plugins\/seo\/ -->\n<title>Calendrier - \u00d4 Jardin des Kamis<\/title>\n<meta name=\"robots\" content=\"index, follow, max-snippet:-1, max-image-preview:large, max-video-preview:-1\" \/>\n<link rel=\"canonical\" href=\"https:\/\/ojardindeskamis.fr\/index.php\/evenements\/\" \/>\n<meta property=\"og:locale\" content=\"fr_FR\" \/>\n<meta property=\"og:type\" content=\"article\" \/>\n<meta property=\"og:title\" content=\"Calendrier - \u00d4 Jardin des Kamis\" \/>\n<meta property=\"og:description\" content=\"CONTENTS\" \/>\n<meta property=\"og:url\" content=\"https:\/\/ojardindeskamis.fr\/index.php\/evenements\/\" \/>\n<meta property=\"og:site_name\" content=\"\u00d4 Jardin des Kamis\" \/>\n<meta property=\"article:modified_time\" content=\"2025-06-03T19:07:42+00:00\" \/>\n<meta property=\"og:image\" content=\"https:\/\/ojardindeskamis.fr\/wp-content\/uploads\/2025\/06\/Bandeau-ApprentisSages.png\" \/>\n\t<meta property=\"og:image:width\" content=\"650\" \/>\n\t<meta property=\"og:image:height\" content=\"150\" \/>\n\t<meta property=\"og:image:type\" content=\"image\/png\" \/>\n<meta name=\"twitter:card\" content=\"summary_large_image\" \/>\n<meta name=\"twitter:label1\" content=\"Dur\u00e9e de lecture estim\u00e9e\" \/>\n\t<meta name=\"twitter:data1\" content=\"1 minute\" \/>\n<script type=\"application\/ld+json\" class=\"yoast-schema-graph\">{\"@context\":\"https:\/\/schema.org\",\"@graph\":[{\"@type\":\"WebPage\",\"@id\":\"https:\/\/ojardindeskamis.fr\/index.php\/evenements\/\",\"url\":\"https:\/\/ojardindeskamis.fr\/index.php\/evenements\/\",\"name\":\"Calendrier - \u00d4 Jardin des Kamis\",\"isPartOf\":{\"@id\":\"https:\/\/ojardindeskamis.fr\/#website\"},\"primaryImageOfPage\":{\"@id\":\"https:\/\/ojardindeskamis.fr\/index.php\/evenements\/#primaryimage\"},\"image\":{\"@id\":\"https:\/\/ojardindeskamis.fr\/index.php\/evenements\/#primaryimage\"},\"thumbnailUrl\":\"https:\/\/ojardindeskamis.fr\/wp-content\/uploads\/2025\/06\/Bandeau-ApprentisSages.png\",\"datePublished\":\"2019-02-21T21:02:11+00:00\",\"dateModified\":\"2025-06-03T19:07:42+00:00\",\"breadcrumb\":{\"@id\":\"https:\/\/ojardindeskamis.fr\/index.php\/evenements\/#breadcrumb\"},\"inLanguage\":\"fr-FR\",\"potentialAction\":[{\"@type\":\"ReadAction\",\"target\":[\"https:\/\/ojardindeskamis.fr\/index.php\/evenements\/\"]}]},{\"@type\":\"ImageObject\",\"inLanguage\":\"fr-FR\",\"@id\":\"https:\/\/ojardindeskamis.fr\/index.php\/evenements\/#primaryimage\",\"url\":\"https:\/\/ojardindeskamis.fr\/wp-content\/uploads\/2025\/06\/Bandeau-ApprentisSages.png\",\"contentUrl\":\"https:\/\/ojardindeskamis.fr\/wp-content\/uploads\/2025\/06\/Bandeau-ApprentisSages.png\",\"width\":650,\"height\":150},{\"@type\":\"BreadcrumbList\",\"@id\":\"https:\/\/ojardindeskamis.fr\/index.php\/evenements\/#breadcrumb\",\"itemListElement\":[{\"@type\":\"ListItem\",\"position\":1,\"name\":\"Accueil\",\"item\":\"https:\/\/ojardindeskamis.fr\/\"},{\"@type\":\"ListItem\",\"position\":2,\"name\":\"Calendrier\"}]},{\"@type\":\"WebSite\",\"@id\":\"https:\/\/ojardindeskamis.fr\/#website\",\"url\":\"https:\/\/ojardindeskamis.fr\/\",\"name\":\"\u00d4 Jardin des Kamis\",\"description\":\"Jardin p\u00e9dagogique, \u00e9cologique, exp\u00e9rimental\",\"publisher\":{\"@id\":\"https:\/\/ojardindeskamis.fr\/#organization\"},\"potentialAction\":[{\"@type\":\"SearchAction\",\"target\":{\"@type\":\"EntryPoint\",\"urlTemplate\":\"https:\/\/ojardindeskamis.fr\/?s={search_term_string}\"},\"query-input\":{\"@type\":\"PropertyValueSpecification\",\"valueRequired\":true,\"valueName\":\"search_term_string\"}}],\"inLanguage\":\"fr-FR\"},{\"@type\":\"Organization\",\"@id\":\"https:\/\/ojardindeskamis.fr\/#organization\",\"name\":\"\u00d4 Jardin des Kamis\",\"url\":\"https:\/\/ojardindeskamis.fr\/\",\"logo\":{\"@type\":\"ImageObject\",\"inLanguage\":\"fr-FR\",\"@id\":\"https:\/\/ojardindeskamis.fr\/#\/schema\/logo\/image\/\",\"url\":\"http:\/\/ojardindeskamis.fr\/wp-content\/uploads\/2017\/01\/cropped-cropped-Tny_Logo_Cadre_Transp.png\",\"contentUrl\":\"http:\/\/ojardindeskamis.fr\/wp-content\/uploads\/2017\/01\/cropped-cropped-Tny_Logo_Cadre_Transp.png\",\"width\":512,\"height\":512,\"caption\":\"\u00d4 Jardin des Kamis\"},\"image\":{\"@id\":\"https:\/\/ojardindeskamis.fr\/#\/schema\/logo\/image\/\"}}]}<\/script>\n<!-- \/ Yoast SEO plugin. -->","yoast_head_json":{"title":"Calendrier - \u00d4 Jardin des Kamis","robots":{"index":"index","follow":"follow","max-snippet":"max-snippet:-1","max-image-preview":"max-image-preview:large","max-video-preview":"max-video-preview:-1"},"canonical":"https:\/\/ojardindeskamis.fr\/index.php\/evenements\/","og_locale":"fr_FR","og_type":"article","og_title":"Calendrier - \u00d4 Jardin des Kamis","og_description":"CONTENTS","og_url":"https:\/\/ojardindeskamis.fr\/index.php\/evenements\/","og_site_name":"\u00d4 Jardin des Kamis","article_modified_time":"2025-06-03T19:07:42+00:00","og_image":[{"width":650,"height":150,"url":"https:\/\/ojardindeskamis.fr\/wp-content\/uploads\/2025\/06\/Bandeau-ApprentisSages.png","type":"image\/png"}],"twitter_card":"summary_large_image","twitter_misc":{"Dur\u00e9e de lecture estim\u00e9e":"1 minute"},"schema":{"@context":"https:\/\/schema.org","@graph":[{"@type":"WebPage","@id":"https:\/\/ojardindeskamis.fr\/index.php\/evenements\/","url":"https:\/\/ojardindeskamis.fr\/index.php\/evenements\/","name":"Calendrier - \u00d4 Jardin des Kamis","isPartOf":{"@id":"https:\/\/ojardindeskamis.fr\/#website"},"primaryImageOfPage":{"@id":"https:\/\/ojardindeskamis.fr\/index.php\/evenements\/#primaryimage"},"image":{"@id":"https:\/\/ojardindeskamis.fr\/index.php\/evenements\/#primaryimage"},"thumbnailUrl":"https:\/\/ojardindeskamis.fr\/wp-content\/uploads\/2025\/06\/Bandeau-ApprentisSages.png","datePublished":"2019-02-21T21:02:11+00:00","dateModified":"2025-06-03T19:07:42+00:00","breadcrumb":{"@id":"https:\/\/ojardindeskamis.fr\/index.php\/evenements\/#breadcrumb"},"inLanguage":"fr-FR","potentialAction":[{"@type":"ReadAction","target":["https:\/\/ojardindeskamis.fr\/index.php\/evenements\/"]}]},{"@type":"ImageObject","inLanguage":"fr-FR","@id":"https:\/\/ojardindeskamis.fr\/index.php\/evenements\/#primaryimage","url":"https:\/\/ojardindeskamis.fr\/wp-content\/uploads\/2025\/06\/Bandeau-ApprentisSages.png","contentUrl":"https:\/\/ojardindeskamis.fr\/wp-content\/uploads\/2025\/06\/Bandeau-ApprentisSages.png","width":650,"height":150},{"@type":"BreadcrumbList","@id":"https:\/\/ojardindeskamis.fr\/index.php\/evenements\/#breadcrumb","itemListElement":[{"@type":"ListItem","position":1,"name":"Accueil","item":"https:\/\/ojardindeskamis.fr\/"},{"@type":"ListItem","position":2,"name":"Calendrier"}]},{"@type":"WebSite","@id":"https:\/\/ojardindeskamis.fr\/#website","url":"https:\/\/ojardindeskamis.fr\/","name":"\u00d4 Jardin des Kamis","description":"Jardin p\u00e9dagogique, \u00e9cologique, exp\u00e9rimental","publisher":{"@id":"https:\/\/ojardindeskamis.fr\/#organization"},"potentialAction":[{"@type":"SearchAction","target":{"@type":"EntryPoint","urlTemplate":"https:\/\/ojardindeskamis.fr\/?s={search_term_string}"},"query-input":{"@type":"PropertyValueSpecification","valueRequired":true,"valueName":"search_term_string"}}],"inLanguage":"fr-FR"},{"@type":"Organization","@id":"https:\/\/ojardindeskamis.fr\/#organization","name":"\u00d4 Jardin des Kamis","url":"https:\/\/ojardindeskamis.fr\/","logo":{"@type":"ImageObject","inLanguage":"fr-FR","@id":"https:\/\/ojardindeskamis.fr\/#\/schema\/logo\/image\/","url":"http:\/\/ojardindeskamis.fr\/wp-content\/uploads\/2017\/01\/cropped-cropped-Tny_Logo_Cadre_Transp.png","contentUrl":"http:\/\/ojardindeskamis.fr\/wp-content\/uploads\/2017\/01\/cropped-cropped-Tny_Logo_Cadre_Transp.png","width":512,"height":512,"caption":"\u00d4 Jardin des Kamis"},"image":{"@id":"https:\/\/ojardindeskamis.fr\/#\/schema\/logo\/image\/"}}]}},"_links":{"self":[{"href":"https:\/\/ojardindeskamis.fr\/index.php\/wp-json\/wp\/v2\/pages\/808","targetHints":{"allow":["GET"]}}],"collection":[{"href":"https:\/\/ojardindeskamis.fr\/index.php\/wp-json\/wp\/v2\/pages"}],"about":[{"href":"https:\/\/ojardindeskamis.fr\/index.php\/wp-json\/wp\/v2\/types\/page"}],"author":[{"embeddable":true,"href":"https:\/\/ojardindeskamis.fr\/index.php\/wp-json\/wp\/v2\/users\/1"}],"replies":[{"embeddable":true,"href":"https:\/\/ojardindeskamis.fr\/index.php\/wp-json\/wp\/v2\/comments?post=808"}],"version-history":[{"count":48,"href":"https:\/\/ojardindeskamis.fr\/index.php\/wp-json\/wp\/v2\/pages\/808\/revisions"}],"predecessor-version":[{"id":1290,"href":"https:\/\/ojardindeskamis.fr\/index.php\/wp-json\/wp\/v2\/pages\/808\/revisions\/1290"}],"wp:attachment":[{"href":"https:\/\/ojardindeskamis.fr\/index.php\/wp-json\/wp\/v2\/media?parent=808"}],"curies":[{"name":"wp","href":"https:\/\/api.w.org\/{rel}","templated":true}]}}