{"id":742,"date":"2019-02-01T23:00:06","date_gmt":"2019-02-01T22:00:06","guid":{"rendered":"http:\/\/ojardindeskamis.fr\/?p=742"},"modified":"2021-01-21T22:40:30","modified_gmt":"2021-01-21T21:40:30","slug":"interventions-pres-de-chez-vous","status":"publish","type":"page","link":"https:\/\/ojardindeskamis.fr\/index.php\/interventions-pres-de-chez-vous\/","title":{"rendered":"Interventions pr\u00e8s de chez vous"},"content":{"rendered":"\n<p>Parce que l&rsquo;\u00e9ducation \u00e0 l&rsquo;environnement et au d\u00e9veloppement durable est pour tous et en tous lieux, \u00d4 Jardin des Kamis propose \u00e9galement des <strong>interventions dans le lieu de votre choix<\/strong>.<\/p>\n\n\n\n<p>Vous choisissez l&rsquo;animation qui correspond \u00e0 l&rsquo;environnement proche de votre structure ou de votre \u00e9tablissement, ou vous pouvez aussi vous d\u00e9placer en bus pour d\u00e9couvrir un milieu naturel prot\u00e9g\u00e9 de votre r\u00e9gion.<\/p>\n\n\n\n<p><strong>Tout pr\u00e8s il y a une for\u00eat ? Choisissez le th\u00e8me des arbres. A c\u00f4t\u00e9 il y a une prairie ? Nous d\u00e9couvrirons les insectes ou les haies bocag\u00e8res. Vous \u00eates en ville ? Cr\u00e9ons un potager et accueillons les oiseaux.&nbsp;Une&nbsp;activit\u00e9&nbsp;en&nbsp;int\u00e9rieur&nbsp;?&nbsp;Optons&nbsp;pour&nbsp;un&nbsp;atelier&nbsp;cosm\u00e9tiques&nbsp;naturels&nbsp;ou&nbsp;z\u00e9ro&nbsp;d\u00e9chet&#8230;<\/strong><\/p>\n\n\n\n<p>Les animations sont \u00e9labor\u00e9es en fonction du cadre de la sortie et du public (enfants, adultes, personnes \u00e2g\u00e9es&#8230;), et peuvent \u00eatre adapt\u00e9es en fonction des programmes scolaires officiels de la maternelle au coll\u00e8ge.<\/p>\n\n\n\n<p>Pour vous inspirer le catalogue 2021 des ateliers nature &amp; sauvage pour les enfants est disponible en t\u00e9l\u00e9chargement.<\/p>\n\n\n\n<div class=\"wp-block-file\"><a href=\"https:\/\/ojardindeskamis.fr\/wp-content\/uploads\/2021\/01\/Ateliers-Nature-Enfants-O-Jardin-des-Kamis-2021-1.pdf\">Ateliers Nature Enfants &#8211; \u00d4 Jardin des Kamis 2021<\/a><a href=\"https:\/\/ojardindeskamis.fr\/wp-content\/uploads\/2021\/01\/Ateliers-Nature-Enfants-O-Jardin-des-Kamis-2021-1.pdf\" class=\"wp-block-file__button\" download>T\u00e9l\u00e9charger<\/a><\/div>\n\n\n\n<p>Tarif : <strong>110 euros\/demi-journ\u00e9e <\/strong>ou <strong>200 euros\/journ\u00e9e<\/strong> <strong>+ frais de d\u00e9placement 0,52 centime\/km<\/strong>. Tarif d\u00e9gressif d\u00e8s la deuxi\u00e8me intervention. Un suppl\u00e9ment peut \u00eatre ajout\u00e9 en cas d&rsquo;achat de mat\u00e9riel sp\u00e9cifique \u00e0 l&rsquo;atelier. <a href=\"https:\/\/ojardindeskamis.fr\/index.php\/contactez-moi\/\">Contactez-moi<\/a> pour un devis.<\/p>\n","protected":false},"excerpt":{"rendered":"<p>Parce que l&rsquo;\u00e9ducation \u00e0 l&rsquo;environnement et au d\u00e9veloppement durable est pour tous et en tous lieux, \u00d4 Jardin des Kamis propose \u00e9galement des interventions dans le lieu de votre choix. Vous choisissez l&rsquo;animation qui correspond \u00e0 l&rsquo;environnement proche de votre structure ou de votre \u00e9tablissement, ou vous pouvez aussi vous d\u00e9placer en bus pour d\u00e9couvrir un milieu naturel prot\u00e9g\u00e9 de votre r\u00e9gion. Tout pr\u00e8s il y a une for\u00eat ? Choisissez le th\u00e8me des arbres. A c\u00f4t\u00e9 il y a&#8230;<\/p>\n<p class=\"read-more\"><a class=\"btn btn-default\" href=\"https:\/\/ojardindeskamis.fr\/index.php\/interventions-pres-de-chez-vous\/\">Lire la suite<span class=\"screen-reader-text\"> Lire la suite<\/span><\/a><\/p>\n","protected":false},"author":1,"featured_media":0,"parent":0,"menu_order":0,"comment_status":"closed","ping_status":"open","template":"","meta":{"footnotes":""},"class_list":["post-742","page","type-page","status-publish","hentry"],"yoast_head":"<!-- This site is optimized with the Yoast SEO plugin v24.4 - https:\/\/yoast.com\/wordpress\/plugins\/seo\/ -->\n<title>Interventions pr\u00e8s de chez vous - \u00d4 Jardin des Kamis<\/title>\n<meta name=\"robots\" content=\"index, follow, max-snippet:-1, max-image-preview:large, max-video-preview:-1\" \/>\n<link rel=\"canonical\" href=\"https:\/\/ojardindeskamis.fr\/index.php\/interventions-pres-de-chez-vous\/\" \/>\n<meta property=\"og:locale\" content=\"fr_FR\" \/>\n<meta property=\"og:type\" content=\"article\" \/>\n<meta property=\"og:title\" content=\"Interventions pr\u00e8s de chez vous - \u00d4 Jardin des Kamis\" \/>\n<meta property=\"og:description\" content=\"Parce que l&rsquo;\u00e9ducation \u00e0 l&rsquo;environnement et au d\u00e9veloppement durable est pour tous et en tous lieux, \u00d4 Jardin des Kamis propose \u00e9galement des interventions dans le lieu de votre choix. Vous choisissez l&rsquo;animation qui correspond \u00e0 l&rsquo;environnement proche de votre structure ou de votre \u00e9tablissement, ou vous pouvez aussi vous d\u00e9placer en bus pour d\u00e9couvrir un milieu naturel prot\u00e9g\u00e9 de votre r\u00e9gion. Tout pr\u00e8s il y a une for\u00eat ? Choisissez le th\u00e8me des arbres. A c\u00f4t\u00e9 il y a...Lire la suite Lire la suite\" \/>\n<meta property=\"og:url\" content=\"https:\/\/ojardindeskamis.fr\/index.php\/interventions-pres-de-chez-vous\/\" \/>\n<meta property=\"og:site_name\" content=\"\u00d4 Jardin des Kamis\" \/>\n<meta property=\"article:modified_time\" content=\"2021-01-21T21:40:30+00:00\" \/>\n<meta name=\"twitter:card\" content=\"summary_large_image\" \/>\n<meta name=\"twitter:label1\" content=\"Dur\u00e9e de lecture estim\u00e9e\" \/>\n\t<meta name=\"twitter:data1\" content=\"1 minute\" \/>\n<script type=\"application\/ld+json\" class=\"yoast-schema-graph\">{\"@context\":\"https:\/\/schema.org\",\"@graph\":[{\"@type\":\"WebPage\",\"@id\":\"https:\/\/ojardindeskamis.fr\/index.php\/interventions-pres-de-chez-vous\/\",\"url\":\"https:\/\/ojardindeskamis.fr\/index.php\/interventions-pres-de-chez-vous\/\",\"name\":\"Interventions pr\u00e8s de chez vous - \u00d4 Jardin des Kamis\",\"isPartOf\":{\"@id\":\"https:\/\/ojardindeskamis.fr\/#website\"},\"datePublished\":\"2019-02-01T22:00:06+00:00\",\"dateModified\":\"2021-01-21T21:40:30+00:00\",\"breadcrumb\":{\"@id\":\"https:\/\/ojardindeskamis.fr\/index.php\/interventions-pres-de-chez-vous\/#breadcrumb\"},\"inLanguage\":\"fr-FR\",\"potentialAction\":[{\"@type\":\"ReadAction\",\"target\":[\"https:\/\/ojardindeskamis.fr\/index.php\/interventions-pres-de-chez-vous\/\"]}]},{\"@type\":\"BreadcrumbList\",\"@id\":\"https:\/\/ojardindeskamis.fr\/index.php\/interventions-pres-de-chez-vous\/#breadcrumb\",\"itemListElement\":[{\"@type\":\"ListItem\",\"position\":1,\"name\":\"Accueil\",\"item\":\"https:\/\/ojardindeskamis.fr\/\"},{\"@type\":\"ListItem\",\"position\":2,\"name\":\"Interventions pr\u00e8s de chez vous\"}]},{\"@type\":\"WebSite\",\"@id\":\"https:\/\/ojardindeskamis.fr\/#website\",\"url\":\"https:\/\/ojardindeskamis.fr\/\",\"name\":\"\u00d4 Jardin des Kamis\",\"description\":\"Jardin p\u00e9dagogique, \u00e9cologique, exp\u00e9rimental\",\"publisher\":{\"@id\":\"https:\/\/ojardindeskamis.fr\/#organization\"},\"potentialAction\":[{\"@type\":\"SearchAction\",\"target\":{\"@type\":\"EntryPoint\",\"urlTemplate\":\"https:\/\/ojardindeskamis.fr\/?s={search_term_string}\"},\"query-input\":{\"@type\":\"PropertyValueSpecification\",\"valueRequired\":true,\"valueName\":\"search_term_string\"}}],\"inLanguage\":\"fr-FR\"},{\"@type\":\"Organization\",\"@id\":\"https:\/\/ojardindeskamis.fr\/#organization\",\"name\":\"\u00d4 Jardin des Kamis\",\"url\":\"https:\/\/ojardindeskamis.fr\/\",\"logo\":{\"@type\":\"ImageObject\",\"inLanguage\":\"fr-FR\",\"@id\":\"https:\/\/ojardindeskamis.fr\/#\/schema\/logo\/image\/\",\"url\":\"http:\/\/ojardindeskamis.fr\/wp-content\/uploads\/2017\/01\/cropped-cropped-Tny_Logo_Cadre_Transp.png\",\"contentUrl\":\"http:\/\/ojardindeskamis.fr\/wp-content\/uploads\/2017\/01\/cropped-cropped-Tny_Logo_Cadre_Transp.png\",\"width\":512,\"height\":512,\"caption\":\"\u00d4 Jardin des Kamis\"},\"image\":{\"@id\":\"https:\/\/ojardindeskamis.fr\/#\/schema\/logo\/image\/\"}}]}<\/script>\n<!-- \/ Yoast SEO plugin. -->","yoast_head_json":{"title":"Interventions pr\u00e8s de chez vous - \u00d4 Jardin des Kamis","robots":{"index":"index","follow":"follow","max-snippet":"max-snippet:-1","max-image-preview":"max-image-preview:large","max-video-preview":"max-video-preview:-1"},"canonical":"https:\/\/ojardindeskamis.fr\/index.php\/interventions-pres-de-chez-vous\/","og_locale":"fr_FR","og_type":"article","og_title":"Interventions pr\u00e8s de chez vous - \u00d4 Jardin des Kamis","og_description":"Parce que l&rsquo;\u00e9ducation \u00e0 l&rsquo;environnement et au d\u00e9veloppement durable est pour tous et en tous lieux, \u00d4 Jardin des Kamis propose \u00e9galement des interventions dans le lieu de votre choix. Vous choisissez l&rsquo;animation qui correspond \u00e0 l&rsquo;environnement proche de votre structure ou de votre \u00e9tablissement, ou vous pouvez aussi vous d\u00e9placer en bus pour d\u00e9couvrir un milieu naturel prot\u00e9g\u00e9 de votre r\u00e9gion. Tout pr\u00e8s il y a une for\u00eat ? Choisissez le th\u00e8me des arbres. A c\u00f4t\u00e9 il y a...Lire la suite Lire la suite","og_url":"https:\/\/ojardindeskamis.fr\/index.php\/interventions-pres-de-chez-vous\/","og_site_name":"\u00d4 Jardin des Kamis","article_modified_time":"2021-01-21T21:40:30+00:00","twitter_card":"summary_large_image","twitter_misc":{"Dur\u00e9e de lecture estim\u00e9e":"1 minute"},"schema":{"@context":"https:\/\/schema.org","@graph":[{"@type":"WebPage","@id":"https:\/\/ojardindeskamis.fr\/index.php\/interventions-pres-de-chez-vous\/","url":"https:\/\/ojardindeskamis.fr\/index.php\/interventions-pres-de-chez-vous\/","name":"Interventions pr\u00e8s de chez vous - \u00d4 Jardin des Kamis","isPartOf":{"@id":"https:\/\/ojardindeskamis.fr\/#website"},"datePublished":"2019-02-01T22:00:06+00:00","dateModified":"2021-01-21T21:40:30+00:00","breadcrumb":{"@id":"https:\/\/ojardindeskamis.fr\/index.php\/interventions-pres-de-chez-vous\/#breadcrumb"},"inLanguage":"fr-FR","potentialAction":[{"@type":"ReadAction","target":["https:\/\/ojardindeskamis.fr\/index.php\/interventions-pres-de-chez-vous\/"]}]},{"@type":"BreadcrumbList","@id":"https:\/\/ojardindeskamis.fr\/index.php\/interventions-pres-de-chez-vous\/#breadcrumb","itemListElement":[{"@type":"ListItem","position":1,"name":"Accueil","item":"https:\/\/ojardindeskamis.fr\/"},{"@type":"ListItem","position":2,"name":"Interventions pr\u00e8s de chez vous"}]},{"@type":"WebSite","@id":"https:\/\/ojardindeskamis.fr\/#website","url":"https:\/\/ojardindeskamis.fr\/","name":"\u00d4 Jardin des Kamis","description":"Jardin p\u00e9dagogique, \u00e9cologique, exp\u00e9rimental","publisher":{"@id":"https:\/\/ojardindeskamis.fr\/#organization"},"potentialAction":[{"@type":"SearchAction","target":{"@type":"EntryPoint","urlTemplate":"https:\/\/ojardindeskamis.fr\/?s={search_term_string}"},"query-input":{"@type":"PropertyValueSpecification","valueRequired":true,"valueName":"search_term_string"}}],"inLanguage":"fr-FR"},{"@type":"Organization","@id":"https:\/\/ojardindeskamis.fr\/#organization","name":"\u00d4 Jardin des Kamis","url":"https:\/\/ojardindeskamis.fr\/","logo":{"@type":"ImageObject","inLanguage":"fr-FR","@id":"https:\/\/ojardindeskamis.fr\/#\/schema\/logo\/image\/","url":"http:\/\/ojardindeskamis.fr\/wp-content\/uploads\/2017\/01\/cropped-cropped-Tny_Logo_Cadre_Transp.png","contentUrl":"http:\/\/ojardindeskamis.fr\/wp-content\/uploads\/2017\/01\/cropped-cropped-Tny_Logo_Cadre_Transp.png","width":512,"height":512,"caption":"\u00d4 Jardin des Kamis"},"image":{"@id":"https:\/\/ojardindeskamis.fr\/#\/schema\/logo\/image\/"}}]}},"_links":{"self":[{"href":"https:\/\/ojardindeskamis.fr\/index.php\/wp-json\/wp\/v2\/pages\/742","targetHints":{"allow":["GET"]}}],"collection":[{"href":"https:\/\/ojardindeskamis.fr\/index.php\/wp-json\/wp\/v2\/pages"}],"about":[{"href":"https:\/\/ojardindeskamis.fr\/index.php\/wp-json\/wp\/v2\/types\/page"}],"author":[{"embeddable":true,"href":"https:\/\/ojardindeskamis.fr\/index.php\/wp-json\/wp\/v2\/users\/1"}],"replies":[{"embeddable":true,"href":"https:\/\/ojardindeskamis.fr\/index.php\/wp-json\/wp\/v2\/comments?post=742"}],"version-history":[{"count":6,"href":"https:\/\/ojardindeskamis.fr\/index.php\/wp-json\/wp\/v2\/pages\/742\/revisions"}],"predecessor-version":[{"id":980,"href":"https:\/\/ojardindeskamis.fr\/index.php\/wp-json\/wp\/v2\/pages\/742\/revisions\/980"}],"wp:attachment":[{"href":"https:\/\/ojardindeskamis.fr\/index.php\/wp-json\/wp\/v2\/media?parent=742"}],"curies":[{"name":"wp","href":"https:\/\/api.w.org\/{rel}","templated":true}]}}