{"id":693,"date":"2019-01-31T19:33:28","date_gmt":"2019-01-31T18:33:28","guid":{"rendered":"http:\/\/ojardindeskamis.fr\/?p=693"},"modified":"2023-08-08T17:55:45","modified_gmt":"2023-08-08T16:55:45","slug":"gouter-anniversaire-nature","status":"publish","type":"page","link":"https:\/\/ojardindeskamis.fr\/index.php\/gouter-anniversaire-nature\/","title":{"rendered":"Go\u00fbters d&rsquo;anniversaire"},"content":{"rendered":"\n<p><strong>Si tu aimes &#8230;<\/strong> courir pieds nus dans l&rsquo;herbe &#8230;. partir \u00e0 la recherche des petites b\u00eates &#8230; chasser des tr\u00e9sors myst\u00e9rieux &#8230; bricoler avec les objets de la nature<strong> &#8230; Viens f\u00eater ton anniversaire au Jardin des Kamis !<\/strong><\/p>\n\n\n\n<p>Fastoche ! Tu choisis 7 copains\/copines aventuriers, vous vous \u00e9quipez pour passer un apr\u00e8s-midi dans la nature (casquette, bottes, &#8230;) et en route pour les d\u00e9couvertes !<\/p>\n\n\n\n<p> Inclus : <strong>une animation nature ludique <\/strong>(2 heures &#8211; sous forme de d\u00e9fis adapt\u00e9s en fonction de l&rsquo;\u00e2ge) <strong>+ un go\u00fbter 100% bio <\/strong> (1 heure &#8211; g\u00e2teau, limonade\/sirops, fruits de saison et temps libre pour ouvrir ses cadeaux)<strong> + des bougies, de la bonne humeur, et un feu de camp <\/strong>si les conditions le permettent&#8230;<\/p>\n\n\n\n<p>Prix forfaitaire : <strong>90 euros<\/strong> pour un groupe de 8 enfants max.<\/p>\n\n\n\n<p>Lieu : \u00d4 Jardin des Kamis, Saint-S\u00e8ve (La R\u00e9ole, 50 km de Bordeaux). Samedi, dimanche et vacances scolaires. Sur r\u00e9servation uniquement. Pr\u00e9sence d&rsquo;un parent adulte obligatoire.<\/p>\n","protected":false},"excerpt":{"rendered":"<p>Si tu aimes &#8230; courir pieds nus dans l&rsquo;herbe &#8230;. partir \u00e0 la recherche des petites b\u00eates &#8230; chasser des tr\u00e9sors myst\u00e9rieux &#8230; bricoler avec les objets de la nature &#8230; Viens f\u00eater ton anniversaire au Jardin des Kamis ! Fastoche ! Tu choisis 7 copains\/copines aventuriers, vous vous \u00e9quipez pour passer un apr\u00e8s-midi dans la nature (casquette, bottes, &#8230;) et en route pour les d\u00e9couvertes ! Inclus : une animation nature ludique (2 heures &#8211; sous forme de d\u00e9fis&#8230;<\/p>\n<p class=\"read-more\"><a class=\"btn btn-default\" href=\"https:\/\/ojardindeskamis.fr\/index.php\/gouter-anniversaire-nature\/\">Lire la suite<span class=\"screen-reader-text\"> Lire la suite<\/span><\/a><\/p>\n","protected":false},"author":1,"featured_media":0,"parent":0,"menu_order":0,"comment_status":"closed","ping_status":"open","template":"","meta":{"footnotes":""},"class_list":["post-693","page","type-page","status-publish","hentry"],"yoast_head":"<!-- This site is optimized with the Yoast SEO plugin v24.4 - https:\/\/yoast.com\/wordpress\/plugins\/seo\/ -->\n<title>Go\u00fbters d&#039;anniversaire - \u00d4 Jardin des Kamis<\/title>\n<meta name=\"robots\" content=\"index, follow, max-snippet:-1, max-image-preview:large, max-video-preview:-1\" \/>\n<link rel=\"canonical\" href=\"https:\/\/ojardindeskamis.fr\/index.php\/gouter-anniversaire-nature\/\" \/>\n<meta property=\"og:locale\" content=\"fr_FR\" \/>\n<meta property=\"og:type\" content=\"article\" \/>\n<meta property=\"og:title\" content=\"Go\u00fbters d&#039;anniversaire - \u00d4 Jardin des Kamis\" \/>\n<meta property=\"og:description\" content=\"Si tu aimes &#8230; courir pieds nus dans l&rsquo;herbe &#8230;. partir \u00e0 la recherche des petites b\u00eates &#8230; chasser des tr\u00e9sors myst\u00e9rieux &#8230; bricoler avec les objets de la nature &#8230; Viens f\u00eater ton anniversaire au Jardin des Kamis ! Fastoche ! Tu choisis 7 copains\/copines aventuriers, vous vous \u00e9quipez pour passer un apr\u00e8s-midi dans la nature (casquette, bottes, &#8230;) et en route pour les d\u00e9couvertes ! Inclus : une animation nature ludique (2 heures &#8211; sous forme de d\u00e9fis...Lire la suite Lire la suite\" \/>\n<meta property=\"og:url\" content=\"https:\/\/ojardindeskamis.fr\/index.php\/gouter-anniversaire-nature\/\" \/>\n<meta property=\"og:site_name\" content=\"\u00d4 Jardin des Kamis\" \/>\n<meta property=\"article:modified_time\" content=\"2023-08-08T16:55:45+00:00\" \/>\n<meta name=\"twitter:card\" content=\"summary_large_image\" \/>\n<meta name=\"twitter:label1\" content=\"Dur\u00e9e de lecture estim\u00e9e\" \/>\n\t<meta name=\"twitter:data1\" content=\"1 minute\" \/>\n<script type=\"application\/ld+json\" class=\"yoast-schema-graph\">{\"@context\":\"https:\/\/schema.org\",\"@graph\":[{\"@type\":\"WebPage\",\"@id\":\"https:\/\/ojardindeskamis.fr\/index.php\/gouter-anniversaire-nature\/\",\"url\":\"https:\/\/ojardindeskamis.fr\/index.php\/gouter-anniversaire-nature\/\",\"name\":\"Go\u00fbters d'anniversaire - \u00d4 Jardin des Kamis\",\"isPartOf\":{\"@id\":\"https:\/\/ojardindeskamis.fr\/#website\"},\"datePublished\":\"2019-01-31T18:33:28+00:00\",\"dateModified\":\"2023-08-08T16:55:45+00:00\",\"breadcrumb\":{\"@id\":\"https:\/\/ojardindeskamis.fr\/index.php\/gouter-anniversaire-nature\/#breadcrumb\"},\"inLanguage\":\"fr-FR\",\"potentialAction\":[{\"@type\":\"ReadAction\",\"target\":[\"https:\/\/ojardindeskamis.fr\/index.php\/gouter-anniversaire-nature\/\"]}]},{\"@type\":\"BreadcrumbList\",\"@id\":\"https:\/\/ojardindeskamis.fr\/index.php\/gouter-anniversaire-nature\/#breadcrumb\",\"itemListElement\":[{\"@type\":\"ListItem\",\"position\":1,\"name\":\"Accueil\",\"item\":\"https:\/\/ojardindeskamis.fr\/\"},{\"@type\":\"ListItem\",\"position\":2,\"name\":\"Go\u00fbters d&rsquo;anniversaire\"}]},{\"@type\":\"WebSite\",\"@id\":\"https:\/\/ojardindeskamis.fr\/#website\",\"url\":\"https:\/\/ojardindeskamis.fr\/\",\"name\":\"\u00d4 Jardin des Kamis\",\"description\":\"Jardin p\u00e9dagogique, \u00e9cologique, exp\u00e9rimental\",\"publisher\":{\"@id\":\"https:\/\/ojardindeskamis.fr\/#organization\"},\"potentialAction\":[{\"@type\":\"SearchAction\",\"target\":{\"@type\":\"EntryPoint\",\"urlTemplate\":\"https:\/\/ojardindeskamis.fr\/?s={search_term_string}\"},\"query-input\":{\"@type\":\"PropertyValueSpecification\",\"valueRequired\":true,\"valueName\":\"search_term_string\"}}],\"inLanguage\":\"fr-FR\"},{\"@type\":\"Organization\",\"@id\":\"https:\/\/ojardindeskamis.fr\/#organization\",\"name\":\"\u00d4 Jardin des Kamis\",\"url\":\"https:\/\/ojardindeskamis.fr\/\",\"logo\":{\"@type\":\"ImageObject\",\"inLanguage\":\"fr-FR\",\"@id\":\"https:\/\/ojardindeskamis.fr\/#\/schema\/logo\/image\/\",\"url\":\"http:\/\/ojardindeskamis.fr\/wp-content\/uploads\/2017\/01\/cropped-cropped-Tny_Logo_Cadre_Transp.png\",\"contentUrl\":\"http:\/\/ojardindeskamis.fr\/wp-content\/uploads\/2017\/01\/cropped-cropped-Tny_Logo_Cadre_Transp.png\",\"width\":512,\"height\":512,\"caption\":\"\u00d4 Jardin des Kamis\"},\"image\":{\"@id\":\"https:\/\/ojardindeskamis.fr\/#\/schema\/logo\/image\/\"}}]}<\/script>\n<!-- \/ Yoast SEO plugin. -->","yoast_head_json":{"title":"Go\u00fbters d'anniversaire - \u00d4 Jardin des Kamis","robots":{"index":"index","follow":"follow","max-snippet":"max-snippet:-1","max-image-preview":"max-image-preview:large","max-video-preview":"max-video-preview:-1"},"canonical":"https:\/\/ojardindeskamis.fr\/index.php\/gouter-anniversaire-nature\/","og_locale":"fr_FR","og_type":"article","og_title":"Go\u00fbters d'anniversaire - \u00d4 Jardin des Kamis","og_description":"Si tu aimes &#8230; courir pieds nus dans l&rsquo;herbe &#8230;. partir \u00e0 la recherche des petites b\u00eates &#8230; chasser des tr\u00e9sors myst\u00e9rieux &#8230; bricoler avec les objets de la nature &#8230; Viens f\u00eater ton anniversaire au Jardin des Kamis ! Fastoche ! Tu choisis 7 copains\/copines aventuriers, vous vous \u00e9quipez pour passer un apr\u00e8s-midi dans la nature (casquette, bottes, &#8230;) et en route pour les d\u00e9couvertes ! Inclus : une animation nature ludique (2 heures &#8211; sous forme de d\u00e9fis...Lire la suite Lire la suite","og_url":"https:\/\/ojardindeskamis.fr\/index.php\/gouter-anniversaire-nature\/","og_site_name":"\u00d4 Jardin des Kamis","article_modified_time":"2023-08-08T16:55:45+00:00","twitter_card":"summary_large_image","twitter_misc":{"Dur\u00e9e de lecture estim\u00e9e":"1 minute"},"schema":{"@context":"https:\/\/schema.org","@graph":[{"@type":"WebPage","@id":"https:\/\/ojardindeskamis.fr\/index.php\/gouter-anniversaire-nature\/","url":"https:\/\/ojardindeskamis.fr\/index.php\/gouter-anniversaire-nature\/","name":"Go\u00fbters d'anniversaire - \u00d4 Jardin des Kamis","isPartOf":{"@id":"https:\/\/ojardindeskamis.fr\/#website"},"datePublished":"2019-01-31T18:33:28+00:00","dateModified":"2023-08-08T16:55:45+00:00","breadcrumb":{"@id":"https:\/\/ojardindeskamis.fr\/index.php\/gouter-anniversaire-nature\/#breadcrumb"},"inLanguage":"fr-FR","potentialAction":[{"@type":"ReadAction","target":["https:\/\/ojardindeskamis.fr\/index.php\/gouter-anniversaire-nature\/"]}]},{"@type":"BreadcrumbList","@id":"https:\/\/ojardindeskamis.fr\/index.php\/gouter-anniversaire-nature\/#breadcrumb","itemListElement":[{"@type":"ListItem","position":1,"name":"Accueil","item":"https:\/\/ojardindeskamis.fr\/"},{"@type":"ListItem","position":2,"name":"Go\u00fbters d&rsquo;anniversaire"}]},{"@type":"WebSite","@id":"https:\/\/ojardindeskamis.fr\/#website","url":"https:\/\/ojardindeskamis.fr\/","name":"\u00d4 Jardin des Kamis","description":"Jardin p\u00e9dagogique, \u00e9cologique, exp\u00e9rimental","publisher":{"@id":"https:\/\/ojardindeskamis.fr\/#organization"},"potentialAction":[{"@type":"SearchAction","target":{"@type":"EntryPoint","urlTemplate":"https:\/\/ojardindeskamis.fr\/?s={search_term_string}"},"query-input":{"@type":"PropertyValueSpecification","valueRequired":true,"valueName":"search_term_string"}}],"inLanguage":"fr-FR"},{"@type":"Organization","@id":"https:\/\/ojardindeskamis.fr\/#organization","name":"\u00d4 Jardin des Kamis","url":"https:\/\/ojardindeskamis.fr\/","logo":{"@type":"ImageObject","inLanguage":"fr-FR","@id":"https:\/\/ojardindeskamis.fr\/#\/schema\/logo\/image\/","url":"http:\/\/ojardindeskamis.fr\/wp-content\/uploads\/2017\/01\/cropped-cropped-Tny_Logo_Cadre_Transp.png","contentUrl":"http:\/\/ojardindeskamis.fr\/wp-content\/uploads\/2017\/01\/cropped-cropped-Tny_Logo_Cadre_Transp.png","width":512,"height":512,"caption":"\u00d4 Jardin des Kamis"},"image":{"@id":"https:\/\/ojardindeskamis.fr\/#\/schema\/logo\/image\/"}}]}},"_links":{"self":[{"href":"https:\/\/ojardindeskamis.fr\/index.php\/wp-json\/wp\/v2\/pages\/693","targetHints":{"allow":["GET"]}}],"collection":[{"href":"https:\/\/ojardindeskamis.fr\/index.php\/wp-json\/wp\/v2\/pages"}],"about":[{"href":"https:\/\/ojardindeskamis.fr\/index.php\/wp-json\/wp\/v2\/types\/page"}],"author":[{"embeddable":true,"href":"https:\/\/ojardindeskamis.fr\/index.php\/wp-json\/wp\/v2\/users\/1"}],"replies":[{"embeddable":true,"href":"https:\/\/ojardindeskamis.fr\/index.php\/wp-json\/wp\/v2\/comments?post=693"}],"version-history":[{"count":5,"href":"https:\/\/ojardindeskamis.fr\/index.php\/wp-json\/wp\/v2\/pages\/693\/revisions"}],"predecessor-version":[{"id":1171,"href":"https:\/\/ojardindeskamis.fr\/index.php\/wp-json\/wp\/v2\/pages\/693\/revisions\/1171"}],"wp:attachment":[{"href":"https:\/\/ojardindeskamis.fr\/index.php\/wp-json\/wp\/v2\/media?parent=693"}],"curies":[{"name":"wp","href":"https:\/\/api.w.org\/{rel}","templated":true}]}}