{"id":675,"date":"2019-01-31T19:09:59","date_gmt":"2019-01-31T18:09:59","guid":{"rendered":"http:\/\/ojardindeskamis.fr\/?p=675"},"modified":"2024-08-31T14:59:38","modified_gmt":"2024-08-31T13:59:38","slug":"les-mercredis-nature","status":"publish","type":"page","link":"https:\/\/ojardindeskamis.fr\/index.php\/les-mercredis-nature\/","title":{"rendered":"Mercredis Nature &#038; Sauvage"},"content":{"rendered":"\n<p><strong>Ateliers 100% nature pour les 6-8 ans<\/strong>, rentr\u00e9e le 18 septembre puis chaque 2\u00e8me mercredi du mois (sauf mois d&rsquo;ao\u00fbt) de 14h30 \u00e0 17h30. Un th\u00e8me \u00e0 chaque s\u00e9ance pour accompagner en douceur les plus jeunes dans la d\u00e9couverte (et l&rsquo;\u00e9merveillement) de la nature qui nous entoure. Au programme, des activit\u00e9s qui varient au gr\u00e9 des saisons, de la m\u00e9t\u00e9o et de nos envies ! Mais toujours le nez dehors, les pieds dans l&rsquo;herbe, les mains qui explorent et la t\u00eate dans les nuages&#8230; Alors si tu aimes les chasses aux insectes, les modelages de boue, les observations au microscope et les bricolages nature, rejoins-nous vite. Et \u00e0 chaque s\u00e9ance, un conte philosophique et un go\u00fbter (bio et sauvage) pour savourer la vie ! <\/p>\n\n\n\n<p><strong>Ateliers 100% sauvage pour les 9-12 ans<\/strong>, rentr\u00e9e le 25 septembre puis chaque 3\u00e8me mercredi du mois (sauf mois d&rsquo;ao\u00fbt) de 14h30 \u00e0 17h30. En fil rouge sur l&rsquo;ann\u00e9e : \u00ab\u00a0comment faire ensemble dans -et avec- la nature ?\u00a0\u00bb. Il s\u2019agira donc d\u2019apprendre \u00e0 utiliser des outils de base en toute s\u00e9curit\u00e9, \u00e0 faire des n\u0153uds, \u00e0 prendre des d\u00e9cisions collectives, et aussi faire du feu et reconna\u00eetre quelques plantes comestibles pour confectionner le go\u00fbter ! De quoi devenir un v\u00e9ritable Robinson&#8230;<\/p>\n\n\n\n<p>De septembre \u00e0 juillet : forfait \u00e0 l&rsquo;ann\u00e9e <strong>132 euros\/enfant<\/strong> (soit 12 euros\/s\u00e9ance) &#8211; s\u00e9ance d&rsquo;essai possible \u00e0 15 euros (d\u00e9duite du forfait annuel si inscription).<\/p>\n\n\n\n<p>Dossiers d&rsquo;informations \u00e0 t\u00e9l\u00e9charger ici : <a href=\"https:\/\/ojardindeskamis.fr\/wp-content\/uploads\/2024\/08\/Inscription-Mercredi-Nature-6-8-ans-V2024.pdf\">Mercredis Nature 6-8 ans<\/a> &#8211; <a href=\"https:\/\/ojardindeskamis.fr\/wp-content\/uploads\/2024\/08\/Inscription-Mercredi-Sauvage-9-12-ans-V2024.pdf\">Mercredis Sauvage 9-12 ans<\/a><\/p>\n\n\n\n<p>Pour toute information : aurelie@ojardindeskamis.fr<\/p>\n\n\n\n<p>Lieu : <strong>\u00d4 Jardin des Kamis, Saint-S\u00e8ve <\/strong>(2 km de La R\u00e9ole). Pr\u00e9voir une tenue adapt\u00e9e en fonction des conditions m\u00e9t\u00e9orologiques.<\/p>\n","protected":false},"excerpt":{"rendered":"<p>Ateliers 100% nature pour les 6-8 ans, rentr\u00e9e le 18 septembre puis chaque 2\u00e8me mercredi du mois (sauf mois d&rsquo;ao\u00fbt) de 14h30 \u00e0 17h30. Un th\u00e8me \u00e0 chaque s\u00e9ance pour accompagner en douceur les plus jeunes dans la d\u00e9couverte (et l&rsquo;\u00e9merveillement) de la nature qui nous entoure. Au programme, des activit\u00e9s qui varient au gr\u00e9 des saisons, de la m\u00e9t\u00e9o et de nos envies ! Mais toujours le nez dehors, les pieds dans l&rsquo;herbe, les mains qui explorent et la&#8230;<\/p>\n<p class=\"read-more\"><a class=\"btn btn-default\" href=\"https:\/\/ojardindeskamis.fr\/index.php\/les-mercredis-nature\/\">Lire la suite<span class=\"screen-reader-text\"> Lire la suite<\/span><\/a><\/p>\n","protected":false},"author":1,"featured_media":0,"parent":0,"menu_order":0,"comment_status":"closed","ping_status":"open","template":"","meta":{"footnotes":""},"class_list":["post-675","page","type-page","status-publish","hentry"],"yoast_head":"<!-- This site is optimized with the Yoast SEO plugin v24.4 - https:\/\/yoast.com\/wordpress\/plugins\/seo\/ -->\n<title>Mercredis Nature &amp; Sauvage - \u00d4 Jardin des Kamis<\/title>\n<meta name=\"robots\" content=\"index, follow, max-snippet:-1, max-image-preview:large, max-video-preview:-1\" \/>\n<link rel=\"canonical\" href=\"https:\/\/ojardindeskamis.fr\/index.php\/les-mercredis-nature\/\" \/>\n<meta property=\"og:locale\" content=\"fr_FR\" \/>\n<meta property=\"og:type\" content=\"article\" \/>\n<meta property=\"og:title\" content=\"Mercredis Nature &amp; Sauvage - \u00d4 Jardin des Kamis\" \/>\n<meta property=\"og:description\" content=\"Ateliers 100% nature pour les 6-8 ans, rentr\u00e9e le 18 septembre puis chaque 2\u00e8me mercredi du mois (sauf mois d&rsquo;ao\u00fbt) de 14h30 \u00e0 17h30. Un th\u00e8me \u00e0 chaque s\u00e9ance pour accompagner en douceur les plus jeunes dans la d\u00e9couverte (et l&rsquo;\u00e9merveillement) de la nature qui nous entoure. Au programme, des activit\u00e9s qui varient au gr\u00e9 des saisons, de la m\u00e9t\u00e9o et de nos envies ! Mais toujours le nez dehors, les pieds dans l&rsquo;herbe, les mains qui explorent et la...Lire la suite Lire la suite\" \/>\n<meta property=\"og:url\" content=\"https:\/\/ojardindeskamis.fr\/index.php\/les-mercredis-nature\/\" \/>\n<meta property=\"og:site_name\" content=\"\u00d4 Jardin des Kamis\" \/>\n<meta property=\"article:modified_time\" content=\"2024-08-31T13:59:38+00:00\" \/>\n<meta name=\"twitter:card\" content=\"summary_large_image\" \/>\n<meta name=\"twitter:label1\" content=\"Dur\u00e9e de lecture estim\u00e9e\" \/>\n\t<meta name=\"twitter:data1\" content=\"2 minutes\" \/>\n<script type=\"application\/ld+json\" class=\"yoast-schema-graph\">{\"@context\":\"https:\/\/schema.org\",\"@graph\":[{\"@type\":\"WebPage\",\"@id\":\"https:\/\/ojardindeskamis.fr\/index.php\/les-mercredis-nature\/\",\"url\":\"https:\/\/ojardindeskamis.fr\/index.php\/les-mercredis-nature\/\",\"name\":\"Mercredis Nature & Sauvage - \u00d4 Jardin des Kamis\",\"isPartOf\":{\"@id\":\"https:\/\/ojardindeskamis.fr\/#website\"},\"datePublished\":\"2019-01-31T18:09:59+00:00\",\"dateModified\":\"2024-08-31T13:59:38+00:00\",\"breadcrumb\":{\"@id\":\"https:\/\/ojardindeskamis.fr\/index.php\/les-mercredis-nature\/#breadcrumb\"},\"inLanguage\":\"fr-FR\",\"potentialAction\":[{\"@type\":\"ReadAction\",\"target\":[\"https:\/\/ojardindeskamis.fr\/index.php\/les-mercredis-nature\/\"]}]},{\"@type\":\"BreadcrumbList\",\"@id\":\"https:\/\/ojardindeskamis.fr\/index.php\/les-mercredis-nature\/#breadcrumb\",\"itemListElement\":[{\"@type\":\"ListItem\",\"position\":1,\"name\":\"Accueil\",\"item\":\"https:\/\/ojardindeskamis.fr\/\"},{\"@type\":\"ListItem\",\"position\":2,\"name\":\"Mercredis Nature &#038; Sauvage\"}]},{\"@type\":\"WebSite\",\"@id\":\"https:\/\/ojardindeskamis.fr\/#website\",\"url\":\"https:\/\/ojardindeskamis.fr\/\",\"name\":\"\u00d4 Jardin des Kamis\",\"description\":\"Jardin p\u00e9dagogique, \u00e9cologique, exp\u00e9rimental\",\"publisher\":{\"@id\":\"https:\/\/ojardindeskamis.fr\/#organization\"},\"potentialAction\":[{\"@type\":\"SearchAction\",\"target\":{\"@type\":\"EntryPoint\",\"urlTemplate\":\"https:\/\/ojardindeskamis.fr\/?s={search_term_string}\"},\"query-input\":{\"@type\":\"PropertyValueSpecification\",\"valueRequired\":true,\"valueName\":\"search_term_string\"}}],\"inLanguage\":\"fr-FR\"},{\"@type\":\"Organization\",\"@id\":\"https:\/\/ojardindeskamis.fr\/#organization\",\"name\":\"\u00d4 Jardin des Kamis\",\"url\":\"https:\/\/ojardindeskamis.fr\/\",\"logo\":{\"@type\":\"ImageObject\",\"inLanguage\":\"fr-FR\",\"@id\":\"https:\/\/ojardindeskamis.fr\/#\/schema\/logo\/image\/\",\"url\":\"http:\/\/ojardindeskamis.fr\/wp-content\/uploads\/2017\/01\/cropped-cropped-Tny_Logo_Cadre_Transp.png\",\"contentUrl\":\"http:\/\/ojardindeskamis.fr\/wp-content\/uploads\/2017\/01\/cropped-cropped-Tny_Logo_Cadre_Transp.png\",\"width\":512,\"height\":512,\"caption\":\"\u00d4 Jardin des Kamis\"},\"image\":{\"@id\":\"https:\/\/ojardindeskamis.fr\/#\/schema\/logo\/image\/\"}}]}<\/script>\n<!-- \/ Yoast SEO plugin. -->","yoast_head_json":{"title":"Mercredis Nature & Sauvage - \u00d4 Jardin des Kamis","robots":{"index":"index","follow":"follow","max-snippet":"max-snippet:-1","max-image-preview":"max-image-preview:large","max-video-preview":"max-video-preview:-1"},"canonical":"https:\/\/ojardindeskamis.fr\/index.php\/les-mercredis-nature\/","og_locale":"fr_FR","og_type":"article","og_title":"Mercredis Nature & Sauvage - \u00d4 Jardin des Kamis","og_description":"Ateliers 100% nature pour les 6-8 ans, rentr\u00e9e le 18 septembre puis chaque 2\u00e8me mercredi du mois (sauf mois d&rsquo;ao\u00fbt) de 14h30 \u00e0 17h30. Un th\u00e8me \u00e0 chaque s\u00e9ance pour accompagner en douceur les plus jeunes dans la d\u00e9couverte (et l&rsquo;\u00e9merveillement) de la nature qui nous entoure. Au programme, des activit\u00e9s qui varient au gr\u00e9 des saisons, de la m\u00e9t\u00e9o et de nos envies ! Mais toujours le nez dehors, les pieds dans l&rsquo;herbe, les mains qui explorent et la...Lire la suite Lire la suite","og_url":"https:\/\/ojardindeskamis.fr\/index.php\/les-mercredis-nature\/","og_site_name":"\u00d4 Jardin des Kamis","article_modified_time":"2024-08-31T13:59:38+00:00","twitter_card":"summary_large_image","twitter_misc":{"Dur\u00e9e de lecture estim\u00e9e":"2 minutes"},"schema":{"@context":"https:\/\/schema.org","@graph":[{"@type":"WebPage","@id":"https:\/\/ojardindeskamis.fr\/index.php\/les-mercredis-nature\/","url":"https:\/\/ojardindeskamis.fr\/index.php\/les-mercredis-nature\/","name":"Mercredis Nature & Sauvage - \u00d4 Jardin des Kamis","isPartOf":{"@id":"https:\/\/ojardindeskamis.fr\/#website"},"datePublished":"2019-01-31T18:09:59+00:00","dateModified":"2024-08-31T13:59:38+00:00","breadcrumb":{"@id":"https:\/\/ojardindeskamis.fr\/index.php\/les-mercredis-nature\/#breadcrumb"},"inLanguage":"fr-FR","potentialAction":[{"@type":"ReadAction","target":["https:\/\/ojardindeskamis.fr\/index.php\/les-mercredis-nature\/"]}]},{"@type":"BreadcrumbList","@id":"https:\/\/ojardindeskamis.fr\/index.php\/les-mercredis-nature\/#breadcrumb","itemListElement":[{"@type":"ListItem","position":1,"name":"Accueil","item":"https:\/\/ojardindeskamis.fr\/"},{"@type":"ListItem","position":2,"name":"Mercredis Nature &#038; Sauvage"}]},{"@type":"WebSite","@id":"https:\/\/ojardindeskamis.fr\/#website","url":"https:\/\/ojardindeskamis.fr\/","name":"\u00d4 Jardin des Kamis","description":"Jardin p\u00e9dagogique, \u00e9cologique, exp\u00e9rimental","publisher":{"@id":"https:\/\/ojardindeskamis.fr\/#organization"},"potentialAction":[{"@type":"SearchAction","target":{"@type":"EntryPoint","urlTemplate":"https:\/\/ojardindeskamis.fr\/?s={search_term_string}"},"query-input":{"@type":"PropertyValueSpecification","valueRequired":true,"valueName":"search_term_string"}}],"inLanguage":"fr-FR"},{"@type":"Organization","@id":"https:\/\/ojardindeskamis.fr\/#organization","name":"\u00d4 Jardin des Kamis","url":"https:\/\/ojardindeskamis.fr\/","logo":{"@type":"ImageObject","inLanguage":"fr-FR","@id":"https:\/\/ojardindeskamis.fr\/#\/schema\/logo\/image\/","url":"http:\/\/ojardindeskamis.fr\/wp-content\/uploads\/2017\/01\/cropped-cropped-Tny_Logo_Cadre_Transp.png","contentUrl":"http:\/\/ojardindeskamis.fr\/wp-content\/uploads\/2017\/01\/cropped-cropped-Tny_Logo_Cadre_Transp.png","width":512,"height":512,"caption":"\u00d4 Jardin des Kamis"},"image":{"@id":"https:\/\/ojardindeskamis.fr\/#\/schema\/logo\/image\/"}}]}},"_links":{"self":[{"href":"https:\/\/ojardindeskamis.fr\/index.php\/wp-json\/wp\/v2\/pages\/675","targetHints":{"allow":["GET"]}}],"collection":[{"href":"https:\/\/ojardindeskamis.fr\/index.php\/wp-json\/wp\/v2\/pages"}],"about":[{"href":"https:\/\/ojardindeskamis.fr\/index.php\/wp-json\/wp\/v2\/types\/page"}],"author":[{"embeddable":true,"href":"https:\/\/ojardindeskamis.fr\/index.php\/wp-json\/wp\/v2\/users\/1"}],"replies":[{"embeddable":true,"href":"https:\/\/ojardindeskamis.fr\/index.php\/wp-json\/wp\/v2\/comments?post=675"}],"version-history":[{"count":14,"href":"https:\/\/ojardindeskamis.fr\/index.php\/wp-json\/wp\/v2\/pages\/675\/revisions"}],"predecessor-version":[{"id":1238,"href":"https:\/\/ojardindeskamis.fr\/index.php\/wp-json\/wp\/v2\/pages\/675\/revisions\/1238"}],"wp:attachment":[{"href":"https:\/\/ojardindeskamis.fr\/index.php\/wp-json\/wp\/v2\/media?parent=675"}],"curies":[{"name":"wp","href":"https:\/\/api.w.org\/{rel}","templated":true}]}}