{"id":671,"date":"2019-01-31T19:02:07","date_gmt":"2019-01-31T18:02:07","guid":{"rendered":"http:\/\/ojardindeskamis.fr\/?p=671"},"modified":"2024-01-24T18:14:22","modified_gmt":"2024-01-24T17:14:22","slug":"bains-de-foret","status":"publish","type":"page","link":"https:\/\/ojardindeskamis.fr\/index.php\/bains-de-foret\/","title":{"rendered":"Bain de for\u00eat musical"},"content":{"rendered":"\n<p>Accompagn\u00e9e de Marine, musicienne de plein air \u00e0 l&rsquo;<a href=\"https:\/\/atelieracoustique.wixsite.com\/musique\">Atelier Acoustique<\/a>, je vous guide dans une immersion sensorielle &#8230; au milieu des arbres et de leurs habitants, au calme, au vert, loin de l&rsquo;agitation !<\/p>\n\n\n\n<p><strong>Le bain de for\u00eat musical n&rsquo;est ni une marche, ni un concert en pleine nature.<\/strong> Les objectifs principaux sont de ralentir, se reconnecter \u00e0 l&rsquo;essentiel, respirer, \u00e9veiller ses sens et d\u00e9velopper son intuition. Conjuguant les bienfaits corporels de la nature et de l&rsquo;\u00e9coute de la musique, il permet de nous couper des sollicitations du quotidien pour prendre soin de nous-m\u00eame.<\/p>\n\n\n\n<p>Par groupes (20 participants max) : <strong>25 euros\/pers.<\/strong> R\u00e9servation obligatoire. Possibilit\u00e9 d&rsquo;offrir en bon cadeau.<\/p>\n\n\n\n<p><strong>Date 2024 : dim. 26 mai, for\u00eat de l&rsquo;Espace Naturel Sensible de Blasimon (33540).<\/strong><\/p>\n\n\n\n<p>&#8212;-<\/p>\n\n\n\n<p>Le bain de for\u00eat musical est id\u00e9al pour <strong>remettre de la fluidit\u00e9 dans un collectif<\/strong>, <strong>d\u00e9velopper la cr\u00e9ativit\u00e9<\/strong> et <strong>apaiser les relations<\/strong>. En Sud-Gironde ou ailleurs, nous nous d\u00e9pla\u00e7ons pour vous proposer ce nouvel outil de coh\u00e9sion de groupe : <a href=\"https:\/\/ojardindeskamis.fr\/wp-content\/uploads\/2024\/01\/dossier-bain-foret-musical-2024.pdf\">retrouvez toutes les infos dans notre dossier de pr\u00e9sentation \u00e0 t\u00e9l\u00e9charger ci-dessous<\/a>.<\/p>\n\n\n\n<figure class=\"wp-block-image size-large\"><a href=\"https:\/\/ojardindeskamis.fr\/wp-content\/uploads\/2024\/01\/dossier-bain-foret-musical-2024.pdf\" target=\"_blank\" rel=\"noreferrer noopener\"><img decoding=\"async\" width=\"700\" height=\"435\" src=\"https:\/\/ojardindeskamis.fr\/wp-content\/uploads\/2024\/01\/BdF-musical-bandeaunoms-700x435.png\" alt=\"\" class=\"wp-image-1223\" srcset=\"https:\/\/ojardindeskamis.fr\/wp-content\/uploads\/2024\/01\/BdF-musical-bandeaunoms-700x435.png 700w, https:\/\/ojardindeskamis.fr\/wp-content\/uploads\/2024\/01\/BdF-musical-bandeaunoms-300x186.png 300w, https:\/\/ojardindeskamis.fr\/wp-content\/uploads\/2024\/01\/BdF-musical-bandeaunoms-768x477.png 768w, https:\/\/ojardindeskamis.fr\/wp-content\/uploads\/2024\/01\/BdF-musical-bandeaunoms-1536x955.png 1536w, https:\/\/ojardindeskamis.fr\/wp-content\/uploads\/2024\/01\/BdF-musical-bandeaunoms-434x270.png 434w, https:\/\/ojardindeskamis.fr\/wp-content\/uploads\/2024\/01\/BdF-musical-bandeaunoms.png 1583w\" sizes=\"(max-width: 700px) 100vw, 700px\" \/><\/a><\/figure>\n\n\n\n<p>Nous consulter pour toute prestation adapt\u00e9e \u00e0 vos besoins : <\/p>\n\n\n\n<p>Aur\u00e9lie : <a href=\"mailto:aurelie@ojardindeskamis.fr\">aurelie@ojardindeskamis.fr<\/a> &#8211; 06.51.47.09.40<\/p>\n\n\n\n<p>Marine : <a href=\"mailto:atelier.acoustique@tutanota.com\">atelier.acoustique@tutanota.com<\/a> &#8211; 06.75.27.64.78<\/p>\n\n\n\n<p><\/p>\n","protected":false},"excerpt":{"rendered":"<p>Accompagn\u00e9e de Marine, musicienne de plein air \u00e0 l&rsquo;Atelier Acoustique, je vous guide dans une immersion sensorielle &#8230; au milieu des arbres et de leurs habitants, au calme, au vert, loin de l&rsquo;agitation ! Le bain de for\u00eat musical n&rsquo;est ni une marche, ni un concert en pleine nature. Les objectifs principaux sont de ralentir, se reconnecter \u00e0 l&rsquo;essentiel, respirer, \u00e9veiller ses sens et d\u00e9velopper son intuition. Conjuguant les bienfaits corporels de la nature et de l&rsquo;\u00e9coute de la musique,&#8230;<\/p>\n<p class=\"read-more\"><a class=\"btn btn-default\" href=\"https:\/\/ojardindeskamis.fr\/index.php\/bains-de-foret\/\">Lire la suite<span class=\"screen-reader-text\"> Lire la suite<\/span><\/a><\/p>\n","protected":false},"author":1,"featured_media":0,"parent":0,"menu_order":0,"comment_status":"closed","ping_status":"open","template":"","meta":{"footnotes":""},"class_list":["post-671","page","type-page","status-publish","hentry"],"yoast_head":"<!-- This site is optimized with the Yoast SEO plugin v24.4 - https:\/\/yoast.com\/wordpress\/plugins\/seo\/ -->\n<title>Bain de for\u00eat musical - \u00d4 Jardin des Kamis<\/title>\n<meta name=\"robots\" content=\"index, follow, max-snippet:-1, max-image-preview:large, max-video-preview:-1\" \/>\n<link rel=\"canonical\" href=\"https:\/\/ojardindeskamis.fr\/index.php\/bains-de-foret\/\" \/>\n<meta property=\"og:locale\" content=\"fr_FR\" \/>\n<meta property=\"og:type\" content=\"article\" \/>\n<meta property=\"og:title\" content=\"Bain de for\u00eat musical - \u00d4 Jardin des Kamis\" \/>\n<meta property=\"og:description\" content=\"Accompagn\u00e9e de Marine, musicienne de plein air \u00e0 l&rsquo;Atelier Acoustique, je vous guide dans une immersion sensorielle &#8230; au milieu des arbres et de leurs habitants, au calme, au vert, loin de l&rsquo;agitation ! Le bain de for\u00eat musical n&rsquo;est ni une marche, ni un concert en pleine nature. Les objectifs principaux sont de ralentir, se reconnecter \u00e0 l&rsquo;essentiel, respirer, \u00e9veiller ses sens et d\u00e9velopper son intuition. Conjuguant les bienfaits corporels de la nature et de l&rsquo;\u00e9coute de la musique,...Lire la suite Lire la suite\" \/>\n<meta property=\"og:url\" content=\"https:\/\/ojardindeskamis.fr\/index.php\/bains-de-foret\/\" \/>\n<meta property=\"og:site_name\" content=\"\u00d4 Jardin des Kamis\" \/>\n<meta property=\"article:modified_time\" content=\"2024-01-24T17:14:22+00:00\" \/>\n<meta property=\"og:image\" content=\"https:\/\/ojardindeskamis.fr\/wp-content\/uploads\/2024\/01\/BdF-musical-bandeaunoms-700x435.png\" \/>\n<meta name=\"twitter:card\" content=\"summary_large_image\" \/>\n<script type=\"application\/ld+json\" class=\"yoast-schema-graph\">{\"@context\":\"https:\/\/schema.org\",\"@graph\":[{\"@type\":\"WebPage\",\"@id\":\"https:\/\/ojardindeskamis.fr\/index.php\/bains-de-foret\/\",\"url\":\"https:\/\/ojardindeskamis.fr\/index.php\/bains-de-foret\/\",\"name\":\"Bain de for\u00eat musical - \u00d4 Jardin des Kamis\",\"isPartOf\":{\"@id\":\"https:\/\/ojardindeskamis.fr\/#website\"},\"primaryImageOfPage\":{\"@id\":\"https:\/\/ojardindeskamis.fr\/index.php\/bains-de-foret\/#primaryimage\"},\"image\":{\"@id\":\"https:\/\/ojardindeskamis.fr\/index.php\/bains-de-foret\/#primaryimage\"},\"thumbnailUrl\":\"https:\/\/ojardindeskamis.fr\/wp-content\/uploads\/2024\/01\/BdF-musical-bandeaunoms-700x435.png\",\"datePublished\":\"2019-01-31T18:02:07+00:00\",\"dateModified\":\"2024-01-24T17:14:22+00:00\",\"breadcrumb\":{\"@id\":\"https:\/\/ojardindeskamis.fr\/index.php\/bains-de-foret\/#breadcrumb\"},\"inLanguage\":\"fr-FR\",\"potentialAction\":[{\"@type\":\"ReadAction\",\"target\":[\"https:\/\/ojardindeskamis.fr\/index.php\/bains-de-foret\/\"]}]},{\"@type\":\"ImageObject\",\"inLanguage\":\"fr-FR\",\"@id\":\"https:\/\/ojardindeskamis.fr\/index.php\/bains-de-foret\/#primaryimage\",\"url\":\"https:\/\/ojardindeskamis.fr\/wp-content\/uploads\/2024\/01\/BdF-musical-bandeaunoms.png\",\"contentUrl\":\"https:\/\/ojardindeskamis.fr\/wp-content\/uploads\/2024\/01\/BdF-musical-bandeaunoms.png\",\"width\":1583,\"height\":984},{\"@type\":\"BreadcrumbList\",\"@id\":\"https:\/\/ojardindeskamis.fr\/index.php\/bains-de-foret\/#breadcrumb\",\"itemListElement\":[{\"@type\":\"ListItem\",\"position\":1,\"name\":\"Accueil\",\"item\":\"https:\/\/ojardindeskamis.fr\/\"},{\"@type\":\"ListItem\",\"position\":2,\"name\":\"Bain de for\u00eat musical\"}]},{\"@type\":\"WebSite\",\"@id\":\"https:\/\/ojardindeskamis.fr\/#website\",\"url\":\"https:\/\/ojardindeskamis.fr\/\",\"name\":\"\u00d4 Jardin des Kamis\",\"description\":\"Jardin p\u00e9dagogique, \u00e9cologique, exp\u00e9rimental\",\"publisher\":{\"@id\":\"https:\/\/ojardindeskamis.fr\/#organization\"},\"potentialAction\":[{\"@type\":\"SearchAction\",\"target\":{\"@type\":\"EntryPoint\",\"urlTemplate\":\"https:\/\/ojardindeskamis.fr\/?s={search_term_string}\"},\"query-input\":{\"@type\":\"PropertyValueSpecification\",\"valueRequired\":true,\"valueName\":\"search_term_string\"}}],\"inLanguage\":\"fr-FR\"},{\"@type\":\"Organization\",\"@id\":\"https:\/\/ojardindeskamis.fr\/#organization\",\"name\":\"\u00d4 Jardin des Kamis\",\"url\":\"https:\/\/ojardindeskamis.fr\/\",\"logo\":{\"@type\":\"ImageObject\",\"inLanguage\":\"fr-FR\",\"@id\":\"https:\/\/ojardindeskamis.fr\/#\/schema\/logo\/image\/\",\"url\":\"http:\/\/ojardindeskamis.fr\/wp-content\/uploads\/2017\/01\/cropped-cropped-Tny_Logo_Cadre_Transp.png\",\"contentUrl\":\"http:\/\/ojardindeskamis.fr\/wp-content\/uploads\/2017\/01\/cropped-cropped-Tny_Logo_Cadre_Transp.png\",\"width\":512,\"height\":512,\"caption\":\"\u00d4 Jardin des Kamis\"},\"image\":{\"@id\":\"https:\/\/ojardindeskamis.fr\/#\/schema\/logo\/image\/\"}}]}<\/script>\n<!-- \/ Yoast SEO plugin. -->","yoast_head_json":{"title":"Bain de for\u00eat musical - \u00d4 Jardin des Kamis","robots":{"index":"index","follow":"follow","max-snippet":"max-snippet:-1","max-image-preview":"max-image-preview:large","max-video-preview":"max-video-preview:-1"},"canonical":"https:\/\/ojardindeskamis.fr\/index.php\/bains-de-foret\/","og_locale":"fr_FR","og_type":"article","og_title":"Bain de for\u00eat musical - \u00d4 Jardin des Kamis","og_description":"Accompagn\u00e9e de Marine, musicienne de plein air \u00e0 l&rsquo;Atelier Acoustique, je vous guide dans une immersion sensorielle &#8230; au milieu des arbres et de leurs habitants, au calme, au vert, loin de l&rsquo;agitation ! Le bain de for\u00eat musical n&rsquo;est ni une marche, ni un concert en pleine nature. Les objectifs principaux sont de ralentir, se reconnecter \u00e0 l&rsquo;essentiel, respirer, \u00e9veiller ses sens et d\u00e9velopper son intuition. Conjuguant les bienfaits corporels de la nature et de l&rsquo;\u00e9coute de la musique,...Lire la suite Lire la suite","og_url":"https:\/\/ojardindeskamis.fr\/index.php\/bains-de-foret\/","og_site_name":"\u00d4 Jardin des Kamis","article_modified_time":"2024-01-24T17:14:22+00:00","og_image":[{"url":"https:\/\/ojardindeskamis.fr\/wp-content\/uploads\/2024\/01\/BdF-musical-bandeaunoms-700x435.png","type":"","width":"","height":""}],"twitter_card":"summary_large_image","schema":{"@context":"https:\/\/schema.org","@graph":[{"@type":"WebPage","@id":"https:\/\/ojardindeskamis.fr\/index.php\/bains-de-foret\/","url":"https:\/\/ojardindeskamis.fr\/index.php\/bains-de-foret\/","name":"Bain de for\u00eat musical - \u00d4 Jardin des Kamis","isPartOf":{"@id":"https:\/\/ojardindeskamis.fr\/#website"},"primaryImageOfPage":{"@id":"https:\/\/ojardindeskamis.fr\/index.php\/bains-de-foret\/#primaryimage"},"image":{"@id":"https:\/\/ojardindeskamis.fr\/index.php\/bains-de-foret\/#primaryimage"},"thumbnailUrl":"https:\/\/ojardindeskamis.fr\/wp-content\/uploads\/2024\/01\/BdF-musical-bandeaunoms-700x435.png","datePublished":"2019-01-31T18:02:07+00:00","dateModified":"2024-01-24T17:14:22+00:00","breadcrumb":{"@id":"https:\/\/ojardindeskamis.fr\/index.php\/bains-de-foret\/#breadcrumb"},"inLanguage":"fr-FR","potentialAction":[{"@type":"ReadAction","target":["https:\/\/ojardindeskamis.fr\/index.php\/bains-de-foret\/"]}]},{"@type":"ImageObject","inLanguage":"fr-FR","@id":"https:\/\/ojardindeskamis.fr\/index.php\/bains-de-foret\/#primaryimage","url":"https:\/\/ojardindeskamis.fr\/wp-content\/uploads\/2024\/01\/BdF-musical-bandeaunoms.png","contentUrl":"https:\/\/ojardindeskamis.fr\/wp-content\/uploads\/2024\/01\/BdF-musical-bandeaunoms.png","width":1583,"height":984},{"@type":"BreadcrumbList","@id":"https:\/\/ojardindeskamis.fr\/index.php\/bains-de-foret\/#breadcrumb","itemListElement":[{"@type":"ListItem","position":1,"name":"Accueil","item":"https:\/\/ojardindeskamis.fr\/"},{"@type":"ListItem","position":2,"name":"Bain de for\u00eat musical"}]},{"@type":"WebSite","@id":"https:\/\/ojardindeskamis.fr\/#website","url":"https:\/\/ojardindeskamis.fr\/","name":"\u00d4 Jardin des Kamis","description":"Jardin p\u00e9dagogique, \u00e9cologique, exp\u00e9rimental","publisher":{"@id":"https:\/\/ojardindeskamis.fr\/#organization"},"potentialAction":[{"@type":"SearchAction","target":{"@type":"EntryPoint","urlTemplate":"https:\/\/ojardindeskamis.fr\/?s={search_term_string}"},"query-input":{"@type":"PropertyValueSpecification","valueRequired":true,"valueName":"search_term_string"}}],"inLanguage":"fr-FR"},{"@type":"Organization","@id":"https:\/\/ojardindeskamis.fr\/#organization","name":"\u00d4 Jardin des Kamis","url":"https:\/\/ojardindeskamis.fr\/","logo":{"@type":"ImageObject","inLanguage":"fr-FR","@id":"https:\/\/ojardindeskamis.fr\/#\/schema\/logo\/image\/","url":"http:\/\/ojardindeskamis.fr\/wp-content\/uploads\/2017\/01\/cropped-cropped-Tny_Logo_Cadre_Transp.png","contentUrl":"http:\/\/ojardindeskamis.fr\/wp-content\/uploads\/2017\/01\/cropped-cropped-Tny_Logo_Cadre_Transp.png","width":512,"height":512,"caption":"\u00d4 Jardin des Kamis"},"image":{"@id":"https:\/\/ojardindeskamis.fr\/#\/schema\/logo\/image\/"}}]}},"_links":{"self":[{"href":"https:\/\/ojardindeskamis.fr\/index.php\/wp-json\/wp\/v2\/pages\/671","targetHints":{"allow":["GET"]}}],"collection":[{"href":"https:\/\/ojardindeskamis.fr\/index.php\/wp-json\/wp\/v2\/pages"}],"about":[{"href":"https:\/\/ojardindeskamis.fr\/index.php\/wp-json\/wp\/v2\/types\/page"}],"author":[{"embeddable":true,"href":"https:\/\/ojardindeskamis.fr\/index.php\/wp-json\/wp\/v2\/users\/1"}],"replies":[{"embeddable":true,"href":"https:\/\/ojardindeskamis.fr\/index.php\/wp-json\/wp\/v2\/comments?post=671"}],"version-history":[{"count":13,"href":"https:\/\/ojardindeskamis.fr\/index.php\/wp-json\/wp\/v2\/pages\/671\/revisions"}],"predecessor-version":[{"id":1227,"href":"https:\/\/ojardindeskamis.fr\/index.php\/wp-json\/wp\/v2\/pages\/671\/revisions\/1227"}],"wp:attachment":[{"href":"https:\/\/ojardindeskamis.fr\/index.php\/wp-json\/wp\/v2\/media?parent=671"}],"curies":[{"name":"wp","href":"https:\/\/api.w.org\/{rel}","templated":true}]}}