{"id":635,"date":"2019-01-21T20:34:38","date_gmt":"2019-01-21T19:34:38","guid":{"rendered":"http:\/\/ojardindeskamis.fr\/?p=635"},"modified":"2024-01-23T12:30:23","modified_gmt":"2024-01-23T11:30:23","slug":"decouverte-plantes-sauvages-comestibles","status":"publish","type":"page","link":"https:\/\/ojardindeskamis.fr\/index.php\/decouverte-plantes-sauvages-comestibles\/","title":{"rendered":"Balades d\u00e9couverte plantes sauvages comestibles"},"content":{"rendered":"\n<p><strong>Cette ann\u00e9e, 9 balades r\u00e9parties au gr\u00e9 des saisons !<\/strong><\/p>\n\n\n\n<p>Autant d&rsquo;occasions de d\u00e9couvrir simplement les plantes sauvages de notre territoire et leurs bienfaits dans les utilisations culinaires. Nul besoin de connaissances botaniques particuli\u00e8res, uniquement de la curiosit\u00e9, une envie de d\u00e9couverte, et de la bienveillance pour notre M\u00e8re Nature !<\/p>\n\n\n\n<p><strong>15 euros\/pers.\/balade<\/strong> (env. 2h, fiches plantes &amp; recettes fournies en pdf, d\u00e9gustation en fin de balade). R\u00e9servation conseill\u00e9e mais non obligatoire. Possibilit\u00e9 d&rsquo;offrir en bon cadeau.<\/p>\n\n\n\n<p><strong>Tarif duo 25 euros\/duo\/balade. <\/strong>Tarif 10-15 ans 5 euros. Gratuit &lt;5 ans.<\/p>\n\n\n\n<p><strong>Pass&rsquo;4 balades<\/strong> &#8211; 4 vagabondages au choix sur l&rsquo;ann\u00e9e : <strong>50 euros\/pers.<\/strong><\/p>\n\n\n\n<p>D\u00e9part des balades : Saint-S\u00e8ve (\u00d4 Jardin des Kamis), Fontet (base nautique), Cessac (Lac de Laubesc), Blasimon (for\u00eat).<\/p>\n\n\n\n<p>Dates 2024 : sam. 16 mars \/ sam. 6 avril \/ dim. 21 avril \/ mer. 1er mai \/ sam. 25 mai \/ dim. 23 juin \/ sam. 20 juillet \/ dim. 29 septembre \/ dim. 20 octobre<\/p>\n\n\n\n<p>Inscriptions en ligne sur la page <a href=\"https:\/\/ojardindeskamis.fr\/index.php\/evenements\/\">calendrier<\/a>.<\/p>\n\n\n\n<p>Renseignements et bon cadeau : contactez-moi par <a href=\"https:\/\/ojardindeskamis.fr\/index.php\/contactez-moi\/\">email<\/a>, ou par t\u00e9l\u00e9phone au 06.51.47.09.40.<\/p>\n","protected":false},"excerpt":{"rendered":"<p>Cette ann\u00e9e, 9 balades r\u00e9parties au gr\u00e9 des saisons ! Autant d&rsquo;occasions de d\u00e9couvrir simplement les plantes sauvages de notre territoire et leurs bienfaits dans les utilisations culinaires. Nul besoin de connaissances botaniques particuli\u00e8res, uniquement de la curiosit\u00e9, une envie de d\u00e9couverte, et de la bienveillance pour notre M\u00e8re Nature ! 15 euros\/pers.\/balade (env. 2h, fiches plantes &amp; recettes fournies en pdf, d\u00e9gustation en fin de balade). R\u00e9servation conseill\u00e9e mais non obligatoire. Possibilit\u00e9 d&rsquo;offrir en bon cadeau. Tarif duo 25&#8230;<\/p>\n<p class=\"read-more\"><a class=\"btn btn-default\" href=\"https:\/\/ojardindeskamis.fr\/index.php\/decouverte-plantes-sauvages-comestibles\/\">Lire la suite<span class=\"screen-reader-text\"> Lire la suite<\/span><\/a><\/p>\n","protected":false},"author":1,"featured_media":0,"parent":0,"menu_order":0,"comment_status":"closed","ping_status":"closed","template":"","meta":{"footnotes":""},"class_list":["post-635","page","type-page","status-publish","hentry"],"yoast_head":"<!-- This site is optimized with the Yoast SEO plugin v24.4 - https:\/\/yoast.com\/wordpress\/plugins\/seo\/ -->\n<title>Balades d\u00e9couverte plantes sauvages comestibles - \u00d4 Jardin des Kamis<\/title>\n<meta name=\"robots\" content=\"index, follow, max-snippet:-1, max-image-preview:large, max-video-preview:-1\" \/>\n<link rel=\"canonical\" href=\"https:\/\/ojardindeskamis.fr\/index.php\/decouverte-plantes-sauvages-comestibles\/\" \/>\n<meta property=\"og:locale\" content=\"fr_FR\" \/>\n<meta property=\"og:type\" content=\"article\" \/>\n<meta property=\"og:title\" content=\"Balades d\u00e9couverte plantes sauvages comestibles - \u00d4 Jardin des Kamis\" \/>\n<meta property=\"og:description\" content=\"Cette ann\u00e9e, 9 balades r\u00e9parties au gr\u00e9 des saisons ! Autant d&rsquo;occasions de d\u00e9couvrir simplement les plantes sauvages de notre territoire et leurs bienfaits dans les utilisations culinaires. Nul besoin de connaissances botaniques particuli\u00e8res, uniquement de la curiosit\u00e9, une envie de d\u00e9couverte, et de la bienveillance pour notre M\u00e8re Nature ! 15 euros\/pers.\/balade (env. 2h, fiches plantes &amp; recettes fournies en pdf, d\u00e9gustation en fin de balade). R\u00e9servation conseill\u00e9e mais non obligatoire. Possibilit\u00e9 d&rsquo;offrir en bon cadeau. Tarif duo 25...Lire la suite Lire la suite\" \/>\n<meta property=\"og:url\" content=\"https:\/\/ojardindeskamis.fr\/index.php\/decouverte-plantes-sauvages-comestibles\/\" \/>\n<meta property=\"og:site_name\" content=\"\u00d4 Jardin des Kamis\" \/>\n<meta property=\"article:modified_time\" content=\"2024-01-23T11:30:23+00:00\" \/>\n<meta name=\"twitter:card\" content=\"summary_large_image\" \/>\n<meta name=\"twitter:label1\" content=\"Dur\u00e9e de lecture estim\u00e9e\" \/>\n\t<meta name=\"twitter:data1\" content=\"1 minute\" \/>\n<script type=\"application\/ld+json\" class=\"yoast-schema-graph\">{\"@context\":\"https:\/\/schema.org\",\"@graph\":[{\"@type\":\"WebPage\",\"@id\":\"https:\/\/ojardindeskamis.fr\/index.php\/decouverte-plantes-sauvages-comestibles\/\",\"url\":\"https:\/\/ojardindeskamis.fr\/index.php\/decouverte-plantes-sauvages-comestibles\/\",\"name\":\"Balades d\u00e9couverte plantes sauvages comestibles - \u00d4 Jardin des Kamis\",\"isPartOf\":{\"@id\":\"https:\/\/ojardindeskamis.fr\/#website\"},\"datePublished\":\"2019-01-21T19:34:38+00:00\",\"dateModified\":\"2024-01-23T11:30:23+00:00\",\"breadcrumb\":{\"@id\":\"https:\/\/ojardindeskamis.fr\/index.php\/decouverte-plantes-sauvages-comestibles\/#breadcrumb\"},\"inLanguage\":\"fr-FR\",\"potentialAction\":[{\"@type\":\"ReadAction\",\"target\":[\"https:\/\/ojardindeskamis.fr\/index.php\/decouverte-plantes-sauvages-comestibles\/\"]}]},{\"@type\":\"BreadcrumbList\",\"@id\":\"https:\/\/ojardindeskamis.fr\/index.php\/decouverte-plantes-sauvages-comestibles\/#breadcrumb\",\"itemListElement\":[{\"@type\":\"ListItem\",\"position\":1,\"name\":\"Accueil\",\"item\":\"https:\/\/ojardindeskamis.fr\/\"},{\"@type\":\"ListItem\",\"position\":2,\"name\":\"Balades d\u00e9couverte plantes sauvages comestibles\"}]},{\"@type\":\"WebSite\",\"@id\":\"https:\/\/ojardindeskamis.fr\/#website\",\"url\":\"https:\/\/ojardindeskamis.fr\/\",\"name\":\"\u00d4 Jardin des Kamis\",\"description\":\"Jardin p\u00e9dagogique, \u00e9cologique, exp\u00e9rimental\",\"publisher\":{\"@id\":\"https:\/\/ojardindeskamis.fr\/#organization\"},\"potentialAction\":[{\"@type\":\"SearchAction\",\"target\":{\"@type\":\"EntryPoint\",\"urlTemplate\":\"https:\/\/ojardindeskamis.fr\/?s={search_term_string}\"},\"query-input\":{\"@type\":\"PropertyValueSpecification\",\"valueRequired\":true,\"valueName\":\"search_term_string\"}}],\"inLanguage\":\"fr-FR\"},{\"@type\":\"Organization\",\"@id\":\"https:\/\/ojardindeskamis.fr\/#organization\",\"name\":\"\u00d4 Jardin des Kamis\",\"url\":\"https:\/\/ojardindeskamis.fr\/\",\"logo\":{\"@type\":\"ImageObject\",\"inLanguage\":\"fr-FR\",\"@id\":\"https:\/\/ojardindeskamis.fr\/#\/schema\/logo\/image\/\",\"url\":\"http:\/\/ojardindeskamis.fr\/wp-content\/uploads\/2017\/01\/cropped-cropped-Tny_Logo_Cadre_Transp.png\",\"contentUrl\":\"http:\/\/ojardindeskamis.fr\/wp-content\/uploads\/2017\/01\/cropped-cropped-Tny_Logo_Cadre_Transp.png\",\"width\":512,\"height\":512,\"caption\":\"\u00d4 Jardin des Kamis\"},\"image\":{\"@id\":\"https:\/\/ojardindeskamis.fr\/#\/schema\/logo\/image\/\"}}]}<\/script>\n<!-- \/ Yoast SEO plugin. -->","yoast_head_json":{"title":"Balades d\u00e9couverte plantes sauvages comestibles - \u00d4 Jardin des Kamis","robots":{"index":"index","follow":"follow","max-snippet":"max-snippet:-1","max-image-preview":"max-image-preview:large","max-video-preview":"max-video-preview:-1"},"canonical":"https:\/\/ojardindeskamis.fr\/index.php\/decouverte-plantes-sauvages-comestibles\/","og_locale":"fr_FR","og_type":"article","og_title":"Balades d\u00e9couverte plantes sauvages comestibles - \u00d4 Jardin des Kamis","og_description":"Cette ann\u00e9e, 9 balades r\u00e9parties au gr\u00e9 des saisons ! Autant d&rsquo;occasions de d\u00e9couvrir simplement les plantes sauvages de notre territoire et leurs bienfaits dans les utilisations culinaires. Nul besoin de connaissances botaniques particuli\u00e8res, uniquement de la curiosit\u00e9, une envie de d\u00e9couverte, et de la bienveillance pour notre M\u00e8re Nature ! 15 euros\/pers.\/balade (env. 2h, fiches plantes &amp; recettes fournies en pdf, d\u00e9gustation en fin de balade). R\u00e9servation conseill\u00e9e mais non obligatoire. Possibilit\u00e9 d&rsquo;offrir en bon cadeau. Tarif duo 25...Lire la suite Lire la suite","og_url":"https:\/\/ojardindeskamis.fr\/index.php\/decouverte-plantes-sauvages-comestibles\/","og_site_name":"\u00d4 Jardin des Kamis","article_modified_time":"2024-01-23T11:30:23+00:00","twitter_card":"summary_large_image","twitter_misc":{"Dur\u00e9e de lecture estim\u00e9e":"1 minute"},"schema":{"@context":"https:\/\/schema.org","@graph":[{"@type":"WebPage","@id":"https:\/\/ojardindeskamis.fr\/index.php\/decouverte-plantes-sauvages-comestibles\/","url":"https:\/\/ojardindeskamis.fr\/index.php\/decouverte-plantes-sauvages-comestibles\/","name":"Balades d\u00e9couverte plantes sauvages comestibles - \u00d4 Jardin des Kamis","isPartOf":{"@id":"https:\/\/ojardindeskamis.fr\/#website"},"datePublished":"2019-01-21T19:34:38+00:00","dateModified":"2024-01-23T11:30:23+00:00","breadcrumb":{"@id":"https:\/\/ojardindeskamis.fr\/index.php\/decouverte-plantes-sauvages-comestibles\/#breadcrumb"},"inLanguage":"fr-FR","potentialAction":[{"@type":"ReadAction","target":["https:\/\/ojardindeskamis.fr\/index.php\/decouverte-plantes-sauvages-comestibles\/"]}]},{"@type":"BreadcrumbList","@id":"https:\/\/ojardindeskamis.fr\/index.php\/decouverte-plantes-sauvages-comestibles\/#breadcrumb","itemListElement":[{"@type":"ListItem","position":1,"name":"Accueil","item":"https:\/\/ojardindeskamis.fr\/"},{"@type":"ListItem","position":2,"name":"Balades d\u00e9couverte plantes sauvages comestibles"}]},{"@type":"WebSite","@id":"https:\/\/ojardindeskamis.fr\/#website","url":"https:\/\/ojardindeskamis.fr\/","name":"\u00d4 Jardin des Kamis","description":"Jardin p\u00e9dagogique, \u00e9cologique, exp\u00e9rimental","publisher":{"@id":"https:\/\/ojardindeskamis.fr\/#organization"},"potentialAction":[{"@type":"SearchAction","target":{"@type":"EntryPoint","urlTemplate":"https:\/\/ojardindeskamis.fr\/?s={search_term_string}"},"query-input":{"@type":"PropertyValueSpecification","valueRequired":true,"valueName":"search_term_string"}}],"inLanguage":"fr-FR"},{"@type":"Organization","@id":"https:\/\/ojardindeskamis.fr\/#organization","name":"\u00d4 Jardin des Kamis","url":"https:\/\/ojardindeskamis.fr\/","logo":{"@type":"ImageObject","inLanguage":"fr-FR","@id":"https:\/\/ojardindeskamis.fr\/#\/schema\/logo\/image\/","url":"http:\/\/ojardindeskamis.fr\/wp-content\/uploads\/2017\/01\/cropped-cropped-Tny_Logo_Cadre_Transp.png","contentUrl":"http:\/\/ojardindeskamis.fr\/wp-content\/uploads\/2017\/01\/cropped-cropped-Tny_Logo_Cadre_Transp.png","width":512,"height":512,"caption":"\u00d4 Jardin des Kamis"},"image":{"@id":"https:\/\/ojardindeskamis.fr\/#\/schema\/logo\/image\/"}}]}},"_links":{"self":[{"href":"https:\/\/ojardindeskamis.fr\/index.php\/wp-json\/wp\/v2\/pages\/635","targetHints":{"allow":["GET"]}}],"collection":[{"href":"https:\/\/ojardindeskamis.fr\/index.php\/wp-json\/wp\/v2\/pages"}],"about":[{"href":"https:\/\/ojardindeskamis.fr\/index.php\/wp-json\/wp\/v2\/types\/page"}],"author":[{"embeddable":true,"href":"https:\/\/ojardindeskamis.fr\/index.php\/wp-json\/wp\/v2\/users\/1"}],"replies":[{"embeddable":true,"href":"https:\/\/ojardindeskamis.fr\/index.php\/wp-json\/wp\/v2\/comments?post=635"}],"version-history":[{"count":12,"href":"https:\/\/ojardindeskamis.fr\/index.php\/wp-json\/wp\/v2\/pages\/635\/revisions"}],"predecessor-version":[{"id":1209,"href":"https:\/\/ojardindeskamis.fr\/index.php\/wp-json\/wp\/v2\/pages\/635\/revisions\/1209"}],"wp:attachment":[{"href":"https:\/\/ojardindeskamis.fr\/index.php\/wp-json\/wp\/v2\/media?parent=635"}],"curies":[{"name":"wp","href":"https:\/\/api.w.org\/{rel}","templated":true}]}}