{"id":631,"date":"2019-01-21T20:31:34","date_gmt":"2019-01-21T19:31:34","guid":{"rendered":"http:\/\/ojardindeskamis.fr\/?p=631"},"modified":"2024-01-23T12:54:34","modified_gmt":"2024-01-23T11:54:34","slug":"atelier-cuisine-sauvage","status":"publish","type":"page","link":"https:\/\/ojardindeskamis.fr\/index.php\/atelier-cuisine-sauvage\/","title":{"rendered":"Atelier cueillette &#038; cuisine sauvage"},"content":{"rendered":"\n<p><strong>Se familiariser<\/strong> avec les plantes sauvages locales, <strong>apprendre \u00e0 les reconna\u00eetre<\/strong> au travers de nos 5 sens, <strong>les apprivoiser<\/strong> en cuisine,<strong> les d\u00e9guster <\/strong>en bonne compagnie !<\/p>\n\n\n\n<p class=\"has-text-align-left\">Tel est le menu de cet atelier, r\u00e9alis\u00e9 en petits groupes (6 pers. maximum).<\/p>\n\n\n\n<p>Lieu : <strong>\u00d4 Jardin des Kamis,<\/strong> <strong>Saint-S\u00e8ve<\/strong> (La R\u00e9ole, 50 km de Bordeaux). <\/p>\n\n\n\n<p>Cueillette, cuisine et d\u00e9gustation :<strong> 1\/2 journ\u00e9e, 50 euros\/pers<\/strong> (fiches plantes &amp; recettes fournies en pdf, repas v\u00e9g\u00e9tarien \u00e0 base de plantes sauvages cuisin\u00e9 ensemble, boisson incluse). <strong>Tarif enfant 10-18 ans : 25 euros<\/strong><\/p>\n\n\n\n<p>Dates : dim. 14 avril \/ sam. 11 mai \/ dim. 2 juin \/ mer. 26 juin<\/p>\n\n\n\n<p>Possibilit\u00e9 de dates suppl\u00e9mentaires pour des groupes d\u00e9j\u00e0 form\u00e9s.<\/p>\n\n\n\n<p>R\u00e9servation obligatoire. Possibilit\u00e9 d&rsquo;offrir en bon cadeau. Inscriptions en ligne sur la page <a href=\"https:\/\/ojardindeskamis.fr\/index.php\/evenements\/\">calendrier<\/a>.<\/p>\n\n\n\n<p>Renseignements et r\u00e9servations : contactez-moi par <a href=\"https:\/\/ojardindeskamis.fr\/index.php\/contactez-moi\/\">email<\/a>, ou par t\u00e9l\u00e9phone au 06.51.47.09.40.<\/p>\n","protected":false},"excerpt":{"rendered":"<p>Se familiariser avec les plantes sauvages locales, apprendre \u00e0 les reconna\u00eetre au travers de nos 5 sens, les apprivoiser en cuisine, les d\u00e9guster en bonne compagnie ! Tel est le menu de cet atelier, r\u00e9alis\u00e9 en petits groupes (6 pers. maximum). Lieu : \u00d4 Jardin des Kamis, Saint-S\u00e8ve (La R\u00e9ole, 50 km de Bordeaux). Cueillette, cuisine et d\u00e9gustation : 1\/2 journ\u00e9e, 50 euros\/pers (fiches plantes &amp; recettes fournies en pdf, repas v\u00e9g\u00e9tarien \u00e0 base de plantes sauvages cuisin\u00e9 ensemble, boisson&#8230;<\/p>\n<p class=\"read-more\"><a class=\"btn btn-default\" href=\"https:\/\/ojardindeskamis.fr\/index.php\/atelier-cuisine-sauvage\/\">Lire la suite<span class=\"screen-reader-text\"> Lire la suite<\/span><\/a><\/p>\n","protected":false},"author":1,"featured_media":0,"parent":0,"menu_order":0,"comment_status":"closed","ping_status":"closed","template":"","meta":{"footnotes":""},"class_list":["post-631","page","type-page","status-publish","hentry"],"yoast_head":"<!-- This site is optimized with the Yoast SEO plugin v24.4 - https:\/\/yoast.com\/wordpress\/plugins\/seo\/ -->\n<title>Atelier cueillette &amp; cuisine sauvage - \u00d4 Jardin des Kamis<\/title>\n<meta name=\"description\" content=\"Les plantes sauvages locales : les reconna\u00eetre avec nos 5 sens, les apprivoiser en cuisine et les d\u00e9guster en bonne compagnie !\" \/>\n<meta name=\"robots\" content=\"index, follow, max-snippet:-1, max-image-preview:large, max-video-preview:-1\" \/>\n<link rel=\"canonical\" href=\"https:\/\/ojardindeskamis.fr\/index.php\/atelier-cuisine-sauvage\/\" \/>\n<meta property=\"og:locale\" content=\"fr_FR\" \/>\n<meta property=\"og:type\" content=\"article\" \/>\n<meta property=\"og:title\" content=\"Atelier cueillette &amp; cuisine sauvage - \u00d4 Jardin des Kamis\" \/>\n<meta property=\"og:description\" content=\"Les plantes sauvages locales : les reconna\u00eetre avec nos 5 sens, les apprivoiser en cuisine et les d\u00e9guster en bonne compagnie !\" \/>\n<meta property=\"og:url\" content=\"https:\/\/ojardindeskamis.fr\/index.php\/atelier-cuisine-sauvage\/\" \/>\n<meta property=\"og:site_name\" content=\"\u00d4 Jardin des Kamis\" \/>\n<meta property=\"article:modified_time\" content=\"2024-01-23T11:54:34+00:00\" \/>\n<meta name=\"twitter:card\" content=\"summary_large_image\" \/>\n<meta name=\"twitter:label1\" content=\"Dur\u00e9e de lecture estim\u00e9e\" \/>\n\t<meta name=\"twitter:data1\" content=\"1 minute\" \/>\n<script type=\"application\/ld+json\" class=\"yoast-schema-graph\">{\"@context\":\"https:\/\/schema.org\",\"@graph\":[{\"@type\":\"WebPage\",\"@id\":\"https:\/\/ojardindeskamis.fr\/index.php\/atelier-cuisine-sauvage\/\",\"url\":\"https:\/\/ojardindeskamis.fr\/index.php\/atelier-cuisine-sauvage\/\",\"name\":\"Atelier cueillette & cuisine sauvage - \u00d4 Jardin des Kamis\",\"isPartOf\":{\"@id\":\"https:\/\/ojardindeskamis.fr\/#website\"},\"datePublished\":\"2019-01-21T19:31:34+00:00\",\"dateModified\":\"2024-01-23T11:54:34+00:00\",\"description\":\"Les plantes sauvages locales : les reconna\u00eetre avec nos 5 sens, les apprivoiser en cuisine et les d\u00e9guster en bonne compagnie !\",\"breadcrumb\":{\"@id\":\"https:\/\/ojardindeskamis.fr\/index.php\/atelier-cuisine-sauvage\/#breadcrumb\"},\"inLanguage\":\"fr-FR\",\"potentialAction\":[{\"@type\":\"ReadAction\",\"target\":[\"https:\/\/ojardindeskamis.fr\/index.php\/atelier-cuisine-sauvage\/\"]}]},{\"@type\":\"BreadcrumbList\",\"@id\":\"https:\/\/ojardindeskamis.fr\/index.php\/atelier-cuisine-sauvage\/#breadcrumb\",\"itemListElement\":[{\"@type\":\"ListItem\",\"position\":1,\"name\":\"Accueil\",\"item\":\"https:\/\/ojardindeskamis.fr\/\"},{\"@type\":\"ListItem\",\"position\":2,\"name\":\"Atelier cueillette &#038; cuisine sauvage\"}]},{\"@type\":\"WebSite\",\"@id\":\"https:\/\/ojardindeskamis.fr\/#website\",\"url\":\"https:\/\/ojardindeskamis.fr\/\",\"name\":\"\u00d4 Jardin des Kamis\",\"description\":\"Jardin p\u00e9dagogique, \u00e9cologique, exp\u00e9rimental\",\"publisher\":{\"@id\":\"https:\/\/ojardindeskamis.fr\/#organization\"},\"potentialAction\":[{\"@type\":\"SearchAction\",\"target\":{\"@type\":\"EntryPoint\",\"urlTemplate\":\"https:\/\/ojardindeskamis.fr\/?s={search_term_string}\"},\"query-input\":{\"@type\":\"PropertyValueSpecification\",\"valueRequired\":true,\"valueName\":\"search_term_string\"}}],\"inLanguage\":\"fr-FR\"},{\"@type\":\"Organization\",\"@id\":\"https:\/\/ojardindeskamis.fr\/#organization\",\"name\":\"\u00d4 Jardin des Kamis\",\"url\":\"https:\/\/ojardindeskamis.fr\/\",\"logo\":{\"@type\":\"ImageObject\",\"inLanguage\":\"fr-FR\",\"@id\":\"https:\/\/ojardindeskamis.fr\/#\/schema\/logo\/image\/\",\"url\":\"http:\/\/ojardindeskamis.fr\/wp-content\/uploads\/2017\/01\/cropped-cropped-Tny_Logo_Cadre_Transp.png\",\"contentUrl\":\"http:\/\/ojardindeskamis.fr\/wp-content\/uploads\/2017\/01\/cropped-cropped-Tny_Logo_Cadre_Transp.png\",\"width\":512,\"height\":512,\"caption\":\"\u00d4 Jardin des Kamis\"},\"image\":{\"@id\":\"https:\/\/ojardindeskamis.fr\/#\/schema\/logo\/image\/\"}}]}<\/script>\n<!-- \/ Yoast SEO plugin. -->","yoast_head_json":{"title":"Atelier cueillette & cuisine sauvage - \u00d4 Jardin des Kamis","description":"Les plantes sauvages locales : les reconna\u00eetre avec nos 5 sens, les apprivoiser en cuisine et les d\u00e9guster en bonne compagnie !","robots":{"index":"index","follow":"follow","max-snippet":"max-snippet:-1","max-image-preview":"max-image-preview:large","max-video-preview":"max-video-preview:-1"},"canonical":"https:\/\/ojardindeskamis.fr\/index.php\/atelier-cuisine-sauvage\/","og_locale":"fr_FR","og_type":"article","og_title":"Atelier cueillette & cuisine sauvage - \u00d4 Jardin des Kamis","og_description":"Les plantes sauvages locales : les reconna\u00eetre avec nos 5 sens, les apprivoiser en cuisine et les d\u00e9guster en bonne compagnie !","og_url":"https:\/\/ojardindeskamis.fr\/index.php\/atelier-cuisine-sauvage\/","og_site_name":"\u00d4 Jardin des Kamis","article_modified_time":"2024-01-23T11:54:34+00:00","twitter_card":"summary_large_image","twitter_misc":{"Dur\u00e9e de lecture estim\u00e9e":"1 minute"},"schema":{"@context":"https:\/\/schema.org","@graph":[{"@type":"WebPage","@id":"https:\/\/ojardindeskamis.fr\/index.php\/atelier-cuisine-sauvage\/","url":"https:\/\/ojardindeskamis.fr\/index.php\/atelier-cuisine-sauvage\/","name":"Atelier cueillette & cuisine sauvage - \u00d4 Jardin des Kamis","isPartOf":{"@id":"https:\/\/ojardindeskamis.fr\/#website"},"datePublished":"2019-01-21T19:31:34+00:00","dateModified":"2024-01-23T11:54:34+00:00","description":"Les plantes sauvages locales : les reconna\u00eetre avec nos 5 sens, les apprivoiser en cuisine et les d\u00e9guster en bonne compagnie !","breadcrumb":{"@id":"https:\/\/ojardindeskamis.fr\/index.php\/atelier-cuisine-sauvage\/#breadcrumb"},"inLanguage":"fr-FR","potentialAction":[{"@type":"ReadAction","target":["https:\/\/ojardindeskamis.fr\/index.php\/atelier-cuisine-sauvage\/"]}]},{"@type":"BreadcrumbList","@id":"https:\/\/ojardindeskamis.fr\/index.php\/atelier-cuisine-sauvage\/#breadcrumb","itemListElement":[{"@type":"ListItem","position":1,"name":"Accueil","item":"https:\/\/ojardindeskamis.fr\/"},{"@type":"ListItem","position":2,"name":"Atelier cueillette &#038; cuisine sauvage"}]},{"@type":"WebSite","@id":"https:\/\/ojardindeskamis.fr\/#website","url":"https:\/\/ojardindeskamis.fr\/","name":"\u00d4 Jardin des Kamis","description":"Jardin p\u00e9dagogique, \u00e9cologique, exp\u00e9rimental","publisher":{"@id":"https:\/\/ojardindeskamis.fr\/#organization"},"potentialAction":[{"@type":"SearchAction","target":{"@type":"EntryPoint","urlTemplate":"https:\/\/ojardindeskamis.fr\/?s={search_term_string}"},"query-input":{"@type":"PropertyValueSpecification","valueRequired":true,"valueName":"search_term_string"}}],"inLanguage":"fr-FR"},{"@type":"Organization","@id":"https:\/\/ojardindeskamis.fr\/#organization","name":"\u00d4 Jardin des Kamis","url":"https:\/\/ojardindeskamis.fr\/","logo":{"@type":"ImageObject","inLanguage":"fr-FR","@id":"https:\/\/ojardindeskamis.fr\/#\/schema\/logo\/image\/","url":"http:\/\/ojardindeskamis.fr\/wp-content\/uploads\/2017\/01\/cropped-cropped-Tny_Logo_Cadre_Transp.png","contentUrl":"http:\/\/ojardindeskamis.fr\/wp-content\/uploads\/2017\/01\/cropped-cropped-Tny_Logo_Cadre_Transp.png","width":512,"height":512,"caption":"\u00d4 Jardin des Kamis"},"image":{"@id":"https:\/\/ojardindeskamis.fr\/#\/schema\/logo\/image\/"}}]}},"_links":{"self":[{"href":"https:\/\/ojardindeskamis.fr\/index.php\/wp-json\/wp\/v2\/pages\/631","targetHints":{"allow":["GET"]}}],"collection":[{"href":"https:\/\/ojardindeskamis.fr\/index.php\/wp-json\/wp\/v2\/pages"}],"about":[{"href":"https:\/\/ojardindeskamis.fr\/index.php\/wp-json\/wp\/v2\/types\/page"}],"author":[{"embeddable":true,"href":"https:\/\/ojardindeskamis.fr\/index.php\/wp-json\/wp\/v2\/users\/1"}],"replies":[{"embeddable":true,"href":"https:\/\/ojardindeskamis.fr\/index.php\/wp-json\/wp\/v2\/comments?post=631"}],"version-history":[{"count":11,"href":"https:\/\/ojardindeskamis.fr\/index.php\/wp-json\/wp\/v2\/pages\/631\/revisions"}],"predecessor-version":[{"id":1214,"href":"https:\/\/ojardindeskamis.fr\/index.php\/wp-json\/wp\/v2\/pages\/631\/revisions\/1214"}],"wp:attachment":[{"href":"https:\/\/ojardindeskamis.fr\/index.php\/wp-json\/wp\/v2\/media?parent=631"}],"curies":[{"name":"wp","href":"https:\/\/api.w.org\/{rel}","templated":true}]}}