{"id":327,"date":"2017-06-27T15:32:37","date_gmt":"2017-06-27T14:32:37","guid":{"rendered":"http:\/\/ojardindeskamis.fr\/?page_id=327"},"modified":"2024-09-27T15:32:38","modified_gmt":"2024-09-27T14:32:38","slug":"ou-nous-trouver","status":"publish","type":"page","link":"https:\/\/ojardindeskamis.fr\/index.php\/ou-nous-trouver\/","title":{"rendered":"O\u00f9 nous trouver ?"},"content":{"rendered":"\n<p>Saint-S\u00e8ve, petit village jouxtant La R\u00e9ole (limite Gironde\/Lot-et-Garonne), se situe \u00e0 50 km de Bordeaux, 40 km de Libourne et 60 km de Bergerac. Voici une carte Google pour vous aider \u00e0 trouver votre chemin jusqu&rsquo;\u00e0 nous&#8230;<\/p>\n\n\n<div id=\"wpgmza_map\" class=\"wpgmza_map\" data-settings='{\"id\":\"1\",\"map_title\":\"O\\u00f9 nous trouver ?\",\"map_width\":\"100\",\"map_height\":\"400\",\"map_start_lat\":\"44.617135\",\"map_start_lng\":\"-0.009688\",\"map_start_location\":\"44.61713500058341,-0.009687977371211076\",\"map_start_zoom\":\"10\",\"default_marker\":\"0\",\"type\":\"1\",\"alignment\":\"2\",\"directions_enabled\":\"1\",\"styling_enabled\":\"0\",\"styling_json\":\"\",\"active\":\"0\",\"kml\":\"\",\"bicycle\":\"0\",\"traffic\":\"0\",\"dbox\":\"1\",\"dbox_width\":\"100\",\"listmarkers\":\"0\",\"listmarkers_advanced\":\"0\",\"filterbycat\":\"0\",\"ugm_enabled\":\"0\",\"ugm_category_enabled\":\"0\",\"fusion\":\"\",\"map_width_type\":\"\\\\%\",\"map_height_type\":\"px\",\"mass_marker_support\":\"1\",\"ugm_access\":\"0\",\"order_markers_by\":\"1\",\"order_markers_choice\":\"2\",\"show_user_location\":\"0\",\"default_to\":\"\",\"other_settings\":{\"store_locator_enabled\":2,\"store_locator_distance\":2,\"store_locator_default_radius\":10,\"store_locator_not_found_message\":\"No results found in this location. Please try again.\",\"store_locator_bounce\":1,\"store_locator_query_string\":\"Code Postal \\\/ Adresse\",\"store_locator_default_address\":\"\",\"wpgmza_store_locator_restrict\":\"\",\"store_locator_style\":\"legacy\",\"wpgmza_store_locator_radius_style\":\"legacy\",\"map_max_zoom\":\"1\",\"transport_layer\":0,\"wpgmza_theme_data\":\"[\\\"visibility\\\", \\\"invert_lightness\\\", \\\"color\\\", \\\"weight\\\", \\\"hue\\\", \\\"saturation\\\", \\\"lightness\\\", \\\"gamma\\\"]\",\"wpgmza_show_points_of_interest\":1,\"wpgmza_auto_night\":0}}' data-map-id='1' Data-maps-engine='' data-shortcode-attributes='{\"id\":\"1\"}' style=\"display:block; overflow:auto; width:100%; height:400px; float:left;\"><\/div>\n\n\n\n<p><strong>En venant de La R\u00e9ole<\/strong>, suivre la D670 en direction de Libourne \/ Sauveterre de Guyenne. Au rond-point, prendre la deuxi\u00e8me sortie, toujours sur la D670 en direction de Libourne \/ Sauveterre de Guyenne. Tourner \u00e0 la premi\u00e8re intersection \u00e0 droite en direction de Saint-S\u00e8ve. Continuer toujours tout droit et traverser le Bourg de Saint-S\u00e8ve.&nbsp;<em>\u00d4 Jardin des Kamis<\/em> est la premi\u00e8re b\u00e2tisse \u00e0 gauche juste apr\u00e8s le panneau de sortie de Saint-S\u00e8ve.<\/p>\n\n\n\n<p><strong>En venant de Marmande<\/strong>, rejoindre La R\u00e9ole par la D813\/D1113 passant par Ste Bazeille. Puis, pendre \u00e0 droite&nbsp;la D670 en direction de Libourne \/ Sauveterre de Guyenne. Au rond-point, prendre la deuxi\u00e8me sortie, toujours sur la D670 en direction de Libourne \/ Sauveterre de Guyenne. Tourner \u00e0 la premi\u00e8re intersection \u00e0 droite en direction de Saint-S\u00e8ve. Continuer toujours tout droit et traverser le Bourg de Saint-S\u00e8ve.&nbsp;<em>\u00d4 Jardin des Kamis<\/em> est la premi\u00e8re b\u00e2tisse \u00e0 gauche juste apr\u00e8s le panneau de sortie de Saint-S\u00e8ve.<\/p>\n\n\n\n<p><strong>En venant de Sauveterre de Guyenne<\/strong>, suivre la D670 en direction de La R\u00e9ole. Tourner \u00e0 gauche sur la D126E5 \u00e0 hauteur de Bagas \/ Loubens. Dans Bagas, tourner \u00e0 droit \u00e0 hauteur de l&rsquo;atelier de carrosserie pour emprunter la D126. Prendre la deuxi\u00e8me \u00e0 gauche juste \u00e0 la sortie de Bagas et continuer tout droit sur la D129 jusqu&rsquo;au prochain stop. Tourner \u00e0 droite sur la D21, passer au dessus du Marquelot,&nbsp;<em>\u00d4 Jardin des Kamis<\/em> est la premi\u00e8re b\u00e2tisse \u00e0 droite juste avant le panneau d&rsquo;entr\u00e9e dans Saint-S\u00e8ve.<\/p>\n\n\n\n<p><strong>Pour les bus et les groupes<\/strong>, possibilit\u00e9 de se garer sur le parking en face de l&rsquo;\u00e9glise de Saint-S\u00e8ve \u00e0 c\u00f4t\u00e9 de la mairie.<\/p>\n","protected":false},"excerpt":{"rendered":"<p>Saint-S\u00e8ve, petit village jouxtant La R\u00e9ole (limite Gironde\/Lot-et-Garonne), se situe \u00e0 50 km de Bordeaux, 40 km de Libourne et 60 km de Bergerac. Voici une carte Google pour vous aider \u00e0 trouver votre chemin jusqu&rsquo;\u00e0 nous&#8230; En venant de La R\u00e9ole, suivre la D670 en direction de Libourne \/ Sauveterre de Guyenne. Au rond-point, prendre la deuxi\u00e8me sortie, toujours sur la D670 en direction de Libourne \/ Sauveterre de Guyenne. Tourner \u00e0 la premi\u00e8re intersection \u00e0 droite en direction&#8230;<\/p>\n<p class=\"read-more\"><a class=\"btn btn-default\" href=\"https:\/\/ojardindeskamis.fr\/index.php\/ou-nous-trouver\/\">Lire la suite<span class=\"screen-reader-text\"> Lire la suite<\/span><\/a><\/p>\n","protected":false},"author":1,"featured_media":0,"parent":0,"menu_order":0,"comment_status":"closed","ping_status":"closed","template":"","meta":{"footnotes":""},"class_list":["post-327","page","type-page","status-publish","hentry"],"yoast_head":"<!-- This site is optimized with the Yoast SEO plugin v24.4 - https:\/\/yoast.com\/wordpress\/plugins\/seo\/ -->\n<title>O\u00f9 nous trouver ? - \u00d4 Jardin des Kamis<\/title>\n<meta name=\"robots\" content=\"index, follow, max-snippet:-1, max-image-preview:large, max-video-preview:-1\" \/>\n<link rel=\"canonical\" href=\"https:\/\/ojardindeskamis.fr\/index.php\/ou-nous-trouver\/\" \/>\n<meta property=\"og:locale\" content=\"fr_FR\" \/>\n<meta property=\"og:type\" content=\"article\" \/>\n<meta property=\"og:title\" content=\"O\u00f9 nous trouver ? - \u00d4 Jardin des Kamis\" \/>\n<meta property=\"og:description\" content=\"Saint-S\u00e8ve, petit village jouxtant La R\u00e9ole (limite Gironde\/Lot-et-Garonne), se situe \u00e0 50 km de Bordeaux, 40 km de Libourne et 60 km de Bergerac. Voici une carte Google pour vous aider \u00e0 trouver votre chemin jusqu&rsquo;\u00e0 nous&#8230; En venant de La R\u00e9ole, suivre la D670 en direction de Libourne \/ Sauveterre de Guyenne. Au rond-point, prendre la deuxi\u00e8me sortie, toujours sur la D670 en direction de Libourne \/ Sauveterre de Guyenne. Tourner \u00e0 la premi\u00e8re intersection \u00e0 droite en direction...Lire la suite Lire la suite\" \/>\n<meta property=\"og:url\" content=\"https:\/\/ojardindeskamis.fr\/index.php\/ou-nous-trouver\/\" \/>\n<meta property=\"og:site_name\" content=\"\u00d4 Jardin des Kamis\" \/>\n<meta property=\"article:modified_time\" content=\"2024-09-27T14:32:38+00:00\" \/>\n<meta name=\"twitter:card\" content=\"summary_large_image\" \/>\n<meta name=\"twitter:label1\" content=\"Dur\u00e9e de lecture estim\u00e9e\" \/>\n\t<meta name=\"twitter:data1\" content=\"2 minutes\" \/>\n<script type=\"application\/ld+json\" class=\"yoast-schema-graph\">{\"@context\":\"https:\/\/schema.org\",\"@graph\":[{\"@type\":\"WebPage\",\"@id\":\"https:\/\/ojardindeskamis.fr\/index.php\/ou-nous-trouver\/\",\"url\":\"https:\/\/ojardindeskamis.fr\/index.php\/ou-nous-trouver\/\",\"name\":\"O\u00f9 nous trouver ? - \u00d4 Jardin des Kamis\",\"isPartOf\":{\"@id\":\"https:\/\/ojardindeskamis.fr\/#website\"},\"datePublished\":\"2017-06-27T14:32:37+00:00\",\"dateModified\":\"2024-09-27T14:32:38+00:00\",\"breadcrumb\":{\"@id\":\"https:\/\/ojardindeskamis.fr\/index.php\/ou-nous-trouver\/#breadcrumb\"},\"inLanguage\":\"fr-FR\",\"potentialAction\":[{\"@type\":\"ReadAction\",\"target\":[\"https:\/\/ojardindeskamis.fr\/index.php\/ou-nous-trouver\/\"]}]},{\"@type\":\"BreadcrumbList\",\"@id\":\"https:\/\/ojardindeskamis.fr\/index.php\/ou-nous-trouver\/#breadcrumb\",\"itemListElement\":[{\"@type\":\"ListItem\",\"position\":1,\"name\":\"Accueil\",\"item\":\"https:\/\/ojardindeskamis.fr\/\"},{\"@type\":\"ListItem\",\"position\":2,\"name\":\"O\u00f9 nous trouver ?\"}]},{\"@type\":\"WebSite\",\"@id\":\"https:\/\/ojardindeskamis.fr\/#website\",\"url\":\"https:\/\/ojardindeskamis.fr\/\",\"name\":\"\u00d4 Jardin des Kamis\",\"description\":\"Jardin p\u00e9dagogique, \u00e9cologique, exp\u00e9rimental\",\"publisher\":{\"@id\":\"https:\/\/ojardindeskamis.fr\/#organization\"},\"potentialAction\":[{\"@type\":\"SearchAction\",\"target\":{\"@type\":\"EntryPoint\",\"urlTemplate\":\"https:\/\/ojardindeskamis.fr\/?s={search_term_string}\"},\"query-input\":{\"@type\":\"PropertyValueSpecification\",\"valueRequired\":true,\"valueName\":\"search_term_string\"}}],\"inLanguage\":\"fr-FR\"},{\"@type\":\"Organization\",\"@id\":\"https:\/\/ojardindeskamis.fr\/#organization\",\"name\":\"\u00d4 Jardin des Kamis\",\"url\":\"https:\/\/ojardindeskamis.fr\/\",\"logo\":{\"@type\":\"ImageObject\",\"inLanguage\":\"fr-FR\",\"@id\":\"https:\/\/ojardindeskamis.fr\/#\/schema\/logo\/image\/\",\"url\":\"http:\/\/ojardindeskamis.fr\/wp-content\/uploads\/2017\/01\/cropped-cropped-Tny_Logo_Cadre_Transp.png\",\"contentUrl\":\"http:\/\/ojardindeskamis.fr\/wp-content\/uploads\/2017\/01\/cropped-cropped-Tny_Logo_Cadre_Transp.png\",\"width\":512,\"height\":512,\"caption\":\"\u00d4 Jardin des Kamis\"},\"image\":{\"@id\":\"https:\/\/ojardindeskamis.fr\/#\/schema\/logo\/image\/\"}}]}<\/script>\n<!-- \/ Yoast SEO plugin. -->","yoast_head_json":{"title":"O\u00f9 nous trouver ? - \u00d4 Jardin des Kamis","robots":{"index":"index","follow":"follow","max-snippet":"max-snippet:-1","max-image-preview":"max-image-preview:large","max-video-preview":"max-video-preview:-1"},"canonical":"https:\/\/ojardindeskamis.fr\/index.php\/ou-nous-trouver\/","og_locale":"fr_FR","og_type":"article","og_title":"O\u00f9 nous trouver ? - \u00d4 Jardin des Kamis","og_description":"Saint-S\u00e8ve, petit village jouxtant La R\u00e9ole (limite Gironde\/Lot-et-Garonne), se situe \u00e0 50 km de Bordeaux, 40 km de Libourne et 60 km de Bergerac. Voici une carte Google pour vous aider \u00e0 trouver votre chemin jusqu&rsquo;\u00e0 nous&#8230; En venant de La R\u00e9ole, suivre la D670 en direction de Libourne \/ Sauveterre de Guyenne. Au rond-point, prendre la deuxi\u00e8me sortie, toujours sur la D670 en direction de Libourne \/ Sauveterre de Guyenne. Tourner \u00e0 la premi\u00e8re intersection \u00e0 droite en direction...Lire la suite Lire la suite","og_url":"https:\/\/ojardindeskamis.fr\/index.php\/ou-nous-trouver\/","og_site_name":"\u00d4 Jardin des Kamis","article_modified_time":"2024-09-27T14:32:38+00:00","twitter_card":"summary_large_image","twitter_misc":{"Dur\u00e9e de lecture estim\u00e9e":"2 minutes"},"schema":{"@context":"https:\/\/schema.org","@graph":[{"@type":"WebPage","@id":"https:\/\/ojardindeskamis.fr\/index.php\/ou-nous-trouver\/","url":"https:\/\/ojardindeskamis.fr\/index.php\/ou-nous-trouver\/","name":"O\u00f9 nous trouver ? - \u00d4 Jardin des Kamis","isPartOf":{"@id":"https:\/\/ojardindeskamis.fr\/#website"},"datePublished":"2017-06-27T14:32:37+00:00","dateModified":"2024-09-27T14:32:38+00:00","breadcrumb":{"@id":"https:\/\/ojardindeskamis.fr\/index.php\/ou-nous-trouver\/#breadcrumb"},"inLanguage":"fr-FR","potentialAction":[{"@type":"ReadAction","target":["https:\/\/ojardindeskamis.fr\/index.php\/ou-nous-trouver\/"]}]},{"@type":"BreadcrumbList","@id":"https:\/\/ojardindeskamis.fr\/index.php\/ou-nous-trouver\/#breadcrumb","itemListElement":[{"@type":"ListItem","position":1,"name":"Accueil","item":"https:\/\/ojardindeskamis.fr\/"},{"@type":"ListItem","position":2,"name":"O\u00f9 nous trouver ?"}]},{"@type":"WebSite","@id":"https:\/\/ojardindeskamis.fr\/#website","url":"https:\/\/ojardindeskamis.fr\/","name":"\u00d4 Jardin des Kamis","description":"Jardin p\u00e9dagogique, \u00e9cologique, exp\u00e9rimental","publisher":{"@id":"https:\/\/ojardindeskamis.fr\/#organization"},"potentialAction":[{"@type":"SearchAction","target":{"@type":"EntryPoint","urlTemplate":"https:\/\/ojardindeskamis.fr\/?s={search_term_string}"},"query-input":{"@type":"PropertyValueSpecification","valueRequired":true,"valueName":"search_term_string"}}],"inLanguage":"fr-FR"},{"@type":"Organization","@id":"https:\/\/ojardindeskamis.fr\/#organization","name":"\u00d4 Jardin des Kamis","url":"https:\/\/ojardindeskamis.fr\/","logo":{"@type":"ImageObject","inLanguage":"fr-FR","@id":"https:\/\/ojardindeskamis.fr\/#\/schema\/logo\/image\/","url":"http:\/\/ojardindeskamis.fr\/wp-content\/uploads\/2017\/01\/cropped-cropped-Tny_Logo_Cadre_Transp.png","contentUrl":"http:\/\/ojardindeskamis.fr\/wp-content\/uploads\/2017\/01\/cropped-cropped-Tny_Logo_Cadre_Transp.png","width":512,"height":512,"caption":"\u00d4 Jardin des Kamis"},"image":{"@id":"https:\/\/ojardindeskamis.fr\/#\/schema\/logo\/image\/"}}]}},"_links":{"self":[{"href":"https:\/\/ojardindeskamis.fr\/index.php\/wp-json\/wp\/v2\/pages\/327","targetHints":{"allow":["GET"]}}],"collection":[{"href":"https:\/\/ojardindeskamis.fr\/index.php\/wp-json\/wp\/v2\/pages"}],"about":[{"href":"https:\/\/ojardindeskamis.fr\/index.php\/wp-json\/wp\/v2\/types\/page"}],"author":[{"embeddable":true,"href":"https:\/\/ojardindeskamis.fr\/index.php\/wp-json\/wp\/v2\/users\/1"}],"replies":[{"embeddable":true,"href":"https:\/\/ojardindeskamis.fr\/index.php\/wp-json\/wp\/v2\/comments?post=327"}],"version-history":[{"count":10,"href":"https:\/\/ojardindeskamis.fr\/index.php\/wp-json\/wp\/v2\/pages\/327\/revisions"}],"predecessor-version":[{"id":1242,"href":"https:\/\/ojardindeskamis.fr\/index.php\/wp-json\/wp\/v2\/pages\/327\/revisions\/1242"}],"wp:attachment":[{"href":"https:\/\/ojardindeskamis.fr\/index.php\/wp-json\/wp\/v2\/media?parent=327"}],"curies":[{"name":"wp","href":"https:\/\/api.w.org\/{rel}","templated":true}]}}