{"id":19,"date":"2017-01-03T16:59:42","date_gmt":"2017-01-03T15:59:42","guid":{"rendered":"http:\/\/ojardindeskamis.fr\/?page_id=19"},"modified":"2021-01-21T23:13:41","modified_gmt":"2021-01-21T22:13:41","slug":"qui-suis-je","status":"publish","type":"page","link":"https:\/\/ojardindeskamis.fr\/index.php\/qui-suis-je\/","title":{"rendered":"Qui suis-je ?"},"content":{"rendered":"<p>En quelques mots , voici le parcours qui m&rsquo;a conduit \u00e0 devenir Passeure e Nature au sein du jardin p\u00e9dagogique <em>\u00d4 Jardin des Kamis<\/em>&#8230;<\/p>\n<p>Native des Hauts de France, j\u2019ai grandi au milieu des bocages, \u00e0 proximit\u00e9 du littoral de la C\u00f4te d\u2019Opale. Les \u00e9tudes, puis la vie professionnelle m\u2019ont progressivement \u00e9loign\u00e9e d&rsquo;un contact quotidien \u00e0 notre environnement naturel. Ing\u00e9nieur &amp; Docteur en Chimie Organique de formation, passionn\u00e9e par la richesse et la complexit\u00e9 fonctionnelle des organismes vivants, j\u2019ai travaill\u00e9 10 ans dans le domaine de la recherche et du d\u00e9veloppement clinique.<\/p>\n<p>Toutefois le besoin imp\u00e9rieux de renouer ce contact fondamental avec la nature a \u00e9t\u00e9 le plus fort et, en 2015, la d\u00e9cision a \u00e9t\u00e9 radicale. Notre petite famille est venue s\u2019installer dans un coin de Gironde pour s\u2019atteler \u00e0 la r\u00e9novation d\u2019une ancienne ferme sur un terrain qui a vocation \u00e0 devenir notre espace nourricier et, parall\u00e8lement servir d\u2019appui \u00e0 un <em>jardin p\u00e9dagogique<\/em>.<\/p>\n<p>Le <span style=\"color: #808000;\"><strong>BTS Gestion et Protection de la Nature<\/strong><\/span> obtenu en 2016 m\u2019ouvre les portes de l\u2019<em>Education \u00e0 l\u2019Environnement<\/em>. Par ailleurs, mon cheminement m\u2019a conduit \u00e0 r\u00e9aliser diff\u00e9rentes formations qui m\u2019ont permis de nombreuses rencontres humaines et m\u2019ont ouvert le champ des possibles\u00a0:<\/p>\n<ul>\n<li><span style=\"color: #808000;\"><strong>Cours Certifi\u00e9 de Permaculture<\/strong><\/span> r\u00e9alis\u00e9 \u00e0 la Ferme du Bec Hellouin (27),<\/li>\n<li><span style=\"color: #808000;\"><strong>\u00ab\u00a0Cr\u00e9er une ferme p\u00e9dagogique\u00a0\u00bb <\/strong><\/span>\u00e0 la Ribi\u00e8re de Bord (87),<\/li>\n<li><span style=\"color: #808000;\"><strong>\u00ab\u00a0Devenir Animateur-Jardinier\u00a0\u00bb <\/strong><\/span>association Alliance Terre Vie (77),<\/li>\n<li><span style=\"color: #808000;\">\u00ab\u00a0<strong>Plantes Sauvages Comestibles\u00a0\u00bb<\/strong><\/span> association Echapp\u00e9es Sauvages (47),<\/li>\n<li><span style=\"color: #808000;\">\u00ab\u00a0<strong>Connexion \u00e0 la Nature &amp; Mentorat \u00bb<\/strong><\/span> association Troisi\u00e8me Option (26).<\/li>\n<\/ul>\n<p>Sur les bases de mes comp\u00e9tences scientifiques aliment\u00e9es par des observations et des recherches naturalistes continuelles (et avec le soutien de mon mari Professeur des Ecoles !), je souhaite vivre et transmettre les valeurs fondamentales de l&rsquo;\u00e9cologie environnementale, sociale et humaine. <a href=\"https:\/\/ojardindeskamis.fr\/index.php\/demarche-animations\/\">D\u00e9couvrez ma d\u00e9marche&#8230;<\/a><\/p>\n<p style=\"text-align: center;\">\n<p style=\"text-align: center;\">\n<blockquote><p><span style=\"color: #808000; font-size: 16px;\">\u00ab\u00a0La terre nous apprend plus long sur nous que tous les livres.\u00a0\u00bb\u00a0<\/span><span style=\"color: #808000; font-size: 16px;\"> Antoine de Saint-Exup\u00e9ry, XX\u00e8me si\u00e8cle<\/span><\/p><\/blockquote>\n","protected":false},"excerpt":{"rendered":"<p>En quelques mots , voici le parcours qui m&rsquo;a conduit \u00e0 devenir Passeure e Nature au sein du jardin p\u00e9dagogique \u00d4 Jardin des Kamis&#8230; Native des Hauts de France, j\u2019ai grandi au milieu des bocages, \u00e0 proximit\u00e9 du littoral de la C\u00f4te d\u2019Opale. Les \u00e9tudes, puis la vie professionnelle m\u2019ont progressivement \u00e9loign\u00e9e d&rsquo;un contact quotidien \u00e0 notre environnement naturel. Ing\u00e9nieur &amp; Docteur en Chimie Organique de formation, passionn\u00e9e par la richesse et la complexit\u00e9 fonctionnelle des organismes vivants, j\u2019ai travaill\u00e9&#8230;<\/p>\n<p class=\"read-more\"><a class=\"btn btn-default\" href=\"https:\/\/ojardindeskamis.fr\/index.php\/qui-suis-je\/\">Lire la suite<span class=\"screen-reader-text\"> Lire la suite<\/span><\/a><\/p>\n","protected":false},"author":1,"featured_media":712,"parent":0,"menu_order":0,"comment_status":"closed","ping_status":"closed","template":"","meta":{"footnotes":""},"class_list":["post-19","page","type-page","status-publish","has-post-thumbnail","hentry"],"yoast_head":"<!-- This site is optimized with the Yoast SEO plugin v24.4 - https:\/\/yoast.com\/wordpress\/plugins\/seo\/ -->\n<title>Jardin p\u00e9dagogique - Qui suis-je ? - \u00d4 Jardin des Kamis<\/title>\n<meta name=\"description\" content=\"Aur\u00e9lie Delayen est animatrice nature et vous accompagnera dans vos projets dans le cadre du jardin p\u00e9dagogique, \u00e9cologique et exp\u00e9rimental \u00e0 Saint-S\u00e8ve !\" \/>\n<meta name=\"robots\" content=\"index, follow, max-snippet:-1, max-image-preview:large, max-video-preview:-1\" \/>\n<link rel=\"canonical\" href=\"https:\/\/ojardindeskamis.fr\/index.php\/qui-suis-je\/\" \/>\n<meta property=\"og:locale\" content=\"fr_FR\" \/>\n<meta property=\"og:type\" content=\"article\" \/>\n<meta property=\"og:title\" content=\"Jardin p\u00e9dagogique - Qui suis-je ? - \u00d4 Jardin des Kamis\" \/>\n<meta property=\"og:description\" content=\"Aur\u00e9lie Delayen est animatrice nature et vous accompagnera dans vos projets dans le cadre du jardin p\u00e9dagogique, \u00e9cologique et exp\u00e9rimental \u00e0 Saint-S\u00e8ve !\" \/>\n<meta property=\"og:url\" content=\"https:\/\/ojardindeskamis.fr\/index.php\/qui-suis-je\/\" \/>\n<meta property=\"og:site_name\" content=\"\u00d4 Jardin des Kamis\" \/>\n<meta property=\"article:modified_time\" content=\"2021-01-21T22:13:41+00:00\" \/>\n<meta property=\"og:image\" content=\"https:\/\/ojardindeskamis.fr\/wp-content\/uploads\/2019\/02\/Aur\u00e9lie-Delayen-\u00d4-Jardin-des-Kamis.jpg\" \/>\n\t<meta property=\"og:image:width\" content=\"577\" \/>\n\t<meta property=\"og:image:height\" content=\"433\" \/>\n\t<meta property=\"og:image:type\" content=\"image\/jpeg\" \/>\n<meta name=\"twitter:card\" content=\"summary_large_image\" \/>\n<meta name=\"twitter:label1\" content=\"Dur\u00e9e de lecture estim\u00e9e\" \/>\n\t<meta name=\"twitter:data1\" content=\"2 minutes\" \/>\n<script type=\"application\/ld+json\" class=\"yoast-schema-graph\">{\"@context\":\"https:\/\/schema.org\",\"@graph\":[{\"@type\":\"WebPage\",\"@id\":\"https:\/\/ojardindeskamis.fr\/index.php\/qui-suis-je\/\",\"url\":\"https:\/\/ojardindeskamis.fr\/index.php\/qui-suis-je\/\",\"name\":\"Jardin p\u00e9dagogique - Qui suis-je ? - \u00d4 Jardin des Kamis\",\"isPartOf\":{\"@id\":\"https:\/\/ojardindeskamis.fr\/#website\"},\"primaryImageOfPage\":{\"@id\":\"https:\/\/ojardindeskamis.fr\/index.php\/qui-suis-je\/#primaryimage\"},\"image\":{\"@id\":\"https:\/\/ojardindeskamis.fr\/index.php\/qui-suis-je\/#primaryimage\"},\"thumbnailUrl\":\"https:\/\/ojardindeskamis.fr\/wp-content\/uploads\/2019\/02\/Aur\u00e9lie-Delayen-\u00d4-Jardin-des-Kamis.jpg\",\"datePublished\":\"2017-01-03T15:59:42+00:00\",\"dateModified\":\"2021-01-21T22:13:41+00:00\",\"description\":\"Aur\u00e9lie Delayen est animatrice nature et vous accompagnera dans vos projets dans le cadre du jardin p\u00e9dagogique, \u00e9cologique et exp\u00e9rimental \u00e0 Saint-S\u00e8ve !\",\"breadcrumb\":{\"@id\":\"https:\/\/ojardindeskamis.fr\/index.php\/qui-suis-je\/#breadcrumb\"},\"inLanguage\":\"fr-FR\",\"potentialAction\":[{\"@type\":\"ReadAction\",\"target\":[\"https:\/\/ojardindeskamis.fr\/index.php\/qui-suis-je\/\"]}]},{\"@type\":\"ImageObject\",\"inLanguage\":\"fr-FR\",\"@id\":\"https:\/\/ojardindeskamis.fr\/index.php\/qui-suis-je\/#primaryimage\",\"url\":\"https:\/\/ojardindeskamis.fr\/wp-content\/uploads\/2019\/02\/Aur\u00e9lie-Delayen-\u00d4-Jardin-des-Kamis.jpg\",\"contentUrl\":\"https:\/\/ojardindeskamis.fr\/wp-content\/uploads\/2019\/02\/Aur\u00e9lie-Delayen-\u00d4-Jardin-des-Kamis.jpg\",\"width\":577,\"height\":433,\"caption\":\"Aur\u00e9lie Delayen - Passeure de Nature - \u00d4 Jardin des Kamis\"},{\"@type\":\"BreadcrumbList\",\"@id\":\"https:\/\/ojardindeskamis.fr\/index.php\/qui-suis-je\/#breadcrumb\",\"itemListElement\":[{\"@type\":\"ListItem\",\"position\":1,\"name\":\"Accueil\",\"item\":\"https:\/\/ojardindeskamis.fr\/\"},{\"@type\":\"ListItem\",\"position\":2,\"name\":\"Qui suis-je ?\"}]},{\"@type\":\"WebSite\",\"@id\":\"https:\/\/ojardindeskamis.fr\/#website\",\"url\":\"https:\/\/ojardindeskamis.fr\/\",\"name\":\"\u00d4 Jardin des Kamis\",\"description\":\"Jardin p\u00e9dagogique, \u00e9cologique, exp\u00e9rimental\",\"publisher\":{\"@id\":\"https:\/\/ojardindeskamis.fr\/#organization\"},\"potentialAction\":[{\"@type\":\"SearchAction\",\"target\":{\"@type\":\"EntryPoint\",\"urlTemplate\":\"https:\/\/ojardindeskamis.fr\/?s={search_term_string}\"},\"query-input\":{\"@type\":\"PropertyValueSpecification\",\"valueRequired\":true,\"valueName\":\"search_term_string\"}}],\"inLanguage\":\"fr-FR\"},{\"@type\":\"Organization\",\"@id\":\"https:\/\/ojardindeskamis.fr\/#organization\",\"name\":\"\u00d4 Jardin des Kamis\",\"url\":\"https:\/\/ojardindeskamis.fr\/\",\"logo\":{\"@type\":\"ImageObject\",\"inLanguage\":\"fr-FR\",\"@id\":\"https:\/\/ojardindeskamis.fr\/#\/schema\/logo\/image\/\",\"url\":\"http:\/\/ojardindeskamis.fr\/wp-content\/uploads\/2017\/01\/cropped-cropped-Tny_Logo_Cadre_Transp.png\",\"contentUrl\":\"http:\/\/ojardindeskamis.fr\/wp-content\/uploads\/2017\/01\/cropped-cropped-Tny_Logo_Cadre_Transp.png\",\"width\":512,\"height\":512,\"caption\":\"\u00d4 Jardin des Kamis\"},\"image\":{\"@id\":\"https:\/\/ojardindeskamis.fr\/#\/schema\/logo\/image\/\"}}]}<\/script>\n<!-- \/ Yoast SEO plugin. -->","yoast_head_json":{"title":"Jardin p\u00e9dagogique - Qui suis-je ? - \u00d4 Jardin des Kamis","description":"Aur\u00e9lie Delayen est animatrice nature et vous accompagnera dans vos projets dans le cadre du jardin p\u00e9dagogique, \u00e9cologique et exp\u00e9rimental \u00e0 Saint-S\u00e8ve !","robots":{"index":"index","follow":"follow","max-snippet":"max-snippet:-1","max-image-preview":"max-image-preview:large","max-video-preview":"max-video-preview:-1"},"canonical":"https:\/\/ojardindeskamis.fr\/index.php\/qui-suis-je\/","og_locale":"fr_FR","og_type":"article","og_title":"Jardin p\u00e9dagogique - Qui suis-je ? - \u00d4 Jardin des Kamis","og_description":"Aur\u00e9lie Delayen est animatrice nature et vous accompagnera dans vos projets dans le cadre du jardin p\u00e9dagogique, \u00e9cologique et exp\u00e9rimental \u00e0 Saint-S\u00e8ve !","og_url":"https:\/\/ojardindeskamis.fr\/index.php\/qui-suis-je\/","og_site_name":"\u00d4 Jardin des Kamis","article_modified_time":"2021-01-21T22:13:41+00:00","og_image":[{"width":577,"height":433,"url":"https:\/\/ojardindeskamis.fr\/wp-content\/uploads\/2019\/02\/Aur\u00e9lie-Delayen-\u00d4-Jardin-des-Kamis.jpg","type":"image\/jpeg"}],"twitter_card":"summary_large_image","twitter_misc":{"Dur\u00e9e de lecture estim\u00e9e":"2 minutes"},"schema":{"@context":"https:\/\/schema.org","@graph":[{"@type":"WebPage","@id":"https:\/\/ojardindeskamis.fr\/index.php\/qui-suis-je\/","url":"https:\/\/ojardindeskamis.fr\/index.php\/qui-suis-je\/","name":"Jardin p\u00e9dagogique - Qui suis-je ? - \u00d4 Jardin des Kamis","isPartOf":{"@id":"https:\/\/ojardindeskamis.fr\/#website"},"primaryImageOfPage":{"@id":"https:\/\/ojardindeskamis.fr\/index.php\/qui-suis-je\/#primaryimage"},"image":{"@id":"https:\/\/ojardindeskamis.fr\/index.php\/qui-suis-je\/#primaryimage"},"thumbnailUrl":"https:\/\/ojardindeskamis.fr\/wp-content\/uploads\/2019\/02\/Aur\u00e9lie-Delayen-\u00d4-Jardin-des-Kamis.jpg","datePublished":"2017-01-03T15:59:42+00:00","dateModified":"2021-01-21T22:13:41+00:00","description":"Aur\u00e9lie Delayen est animatrice nature et vous accompagnera dans vos projets dans le cadre du jardin p\u00e9dagogique, \u00e9cologique et exp\u00e9rimental \u00e0 Saint-S\u00e8ve !","breadcrumb":{"@id":"https:\/\/ojardindeskamis.fr\/index.php\/qui-suis-je\/#breadcrumb"},"inLanguage":"fr-FR","potentialAction":[{"@type":"ReadAction","target":["https:\/\/ojardindeskamis.fr\/index.php\/qui-suis-je\/"]}]},{"@type":"ImageObject","inLanguage":"fr-FR","@id":"https:\/\/ojardindeskamis.fr\/index.php\/qui-suis-je\/#primaryimage","url":"https:\/\/ojardindeskamis.fr\/wp-content\/uploads\/2019\/02\/Aur\u00e9lie-Delayen-\u00d4-Jardin-des-Kamis.jpg","contentUrl":"https:\/\/ojardindeskamis.fr\/wp-content\/uploads\/2019\/02\/Aur\u00e9lie-Delayen-\u00d4-Jardin-des-Kamis.jpg","width":577,"height":433,"caption":"Aur\u00e9lie Delayen - Passeure de Nature - \u00d4 Jardin des Kamis"},{"@type":"BreadcrumbList","@id":"https:\/\/ojardindeskamis.fr\/index.php\/qui-suis-je\/#breadcrumb","itemListElement":[{"@type":"ListItem","position":1,"name":"Accueil","item":"https:\/\/ojardindeskamis.fr\/"},{"@type":"ListItem","position":2,"name":"Qui suis-je ?"}]},{"@type":"WebSite","@id":"https:\/\/ojardindeskamis.fr\/#website","url":"https:\/\/ojardindeskamis.fr\/","name":"\u00d4 Jardin des Kamis","description":"Jardin p\u00e9dagogique, \u00e9cologique, exp\u00e9rimental","publisher":{"@id":"https:\/\/ojardindeskamis.fr\/#organization"},"potentialAction":[{"@type":"SearchAction","target":{"@type":"EntryPoint","urlTemplate":"https:\/\/ojardindeskamis.fr\/?s={search_term_string}"},"query-input":{"@type":"PropertyValueSpecification","valueRequired":true,"valueName":"search_term_string"}}],"inLanguage":"fr-FR"},{"@type":"Organization","@id":"https:\/\/ojardindeskamis.fr\/#organization","name":"\u00d4 Jardin des Kamis","url":"https:\/\/ojardindeskamis.fr\/","logo":{"@type":"ImageObject","inLanguage":"fr-FR","@id":"https:\/\/ojardindeskamis.fr\/#\/schema\/logo\/image\/","url":"http:\/\/ojardindeskamis.fr\/wp-content\/uploads\/2017\/01\/cropped-cropped-Tny_Logo_Cadre_Transp.png","contentUrl":"http:\/\/ojardindeskamis.fr\/wp-content\/uploads\/2017\/01\/cropped-cropped-Tny_Logo_Cadre_Transp.png","width":512,"height":512,"caption":"\u00d4 Jardin des Kamis"},"image":{"@id":"https:\/\/ojardindeskamis.fr\/#\/schema\/logo\/image\/"}}]}},"_links":{"self":[{"href":"https:\/\/ojardindeskamis.fr\/index.php\/wp-json\/wp\/v2\/pages\/19","targetHints":{"allow":["GET"]}}],"collection":[{"href":"https:\/\/ojardindeskamis.fr\/index.php\/wp-json\/wp\/v2\/pages"}],"about":[{"href":"https:\/\/ojardindeskamis.fr\/index.php\/wp-json\/wp\/v2\/types\/page"}],"author":[{"embeddable":true,"href":"https:\/\/ojardindeskamis.fr\/index.php\/wp-json\/wp\/v2\/users\/1"}],"replies":[{"embeddable":true,"href":"https:\/\/ojardindeskamis.fr\/index.php\/wp-json\/wp\/v2\/comments?post=19"}],"version-history":[{"count":64,"href":"https:\/\/ojardindeskamis.fr\/index.php\/wp-json\/wp\/v2\/pages\/19\/revisions"}],"predecessor-version":[{"id":982,"href":"https:\/\/ojardindeskamis.fr\/index.php\/wp-json\/wp\/v2\/pages\/19\/revisions\/982"}],"wp:featuredmedia":[{"embeddable":true,"href":"https:\/\/ojardindeskamis.fr\/index.php\/wp-json\/wp\/v2\/media\/712"}],"wp:attachment":[{"href":"https:\/\/ojardindeskamis.fr\/index.php\/wp-json\/wp\/v2\/media?parent=19"}],"curies":[{"name":"wp","href":"https:\/\/api.w.org\/{rel}","templated":true}]}}